{"id":1257,"date":"2024-02-06T14:07:51","date_gmt":"2024-02-06T17:07:51","guid":{"rendered":"http:\/\/islamparatodos.com.br\/portal\/?page_id=1257"},"modified":"2024-02-06T14:07:51","modified_gmt":"2024-02-06T17:07:51","slug":"batalha-de-uhud","status":"publish","type":"page","link":"https:\/\/islamparatodos.com.br\/portal\/batalha-de-uhud\/","title":{"rendered":"ANTIGO ALIADOS E SUA TRAI\u00c7\u00c3O \u2013 Batalha de Uhud"},"content":{"rendered":"<p>[vc_row row_type=&#8221;row&#8221; use_row_as_full_screen_section=&#8221;no&#8221; type=&#8221;full_width&#8221; angled_section=&#8221;no&#8221; text_align=&#8221;left&#8221; background_image_as_pattern=&#8221;without_pattern&#8221; css_animation=&#8221;&#8221;][vc_column][vc_column_text]<\/p>\n<p style=\"text-align: justify;\">De fato, no ano seguinte, um <strong>ex\u00e9rcito de tr\u00eas mil homens veio de Meca para destruir Yathrib.<\/strong>\u00a0 A primeira<strong> id\u00e9ia do Profet<\/strong>a era meramente <strong>defender a cidade<\/strong>, um plano que Ibn Ubayy, o l\u00edder dos \u201cHip\u00f3critas\u201d aprovava fortemente.\u00a0 Mas os homens que lutaram em Badr, acreditando que Deus os ajudaria contra quaisquer desvantagens, pensaram que seria uma vergonha se esconderem atr\u00e1s de muros.<\/p>\n<p>&nbsp;<\/p>\n<p style=\"text-align: justify;\"><strong>O Profeta, em aprova\u00e7\u00e3o \u00e0 sua f\u00e9 e zelo, concordou com eles e seguiu com um ex\u00e9rcito de mil homens na dire\u00e7\u00e3o do Monte Uhud, onde o inimigo havia acampado.<\/strong>\u00a0 Ibn Ubayy se retirou com seus homens, que eram um ter\u00e7o do ex\u00e9rcito, em retalia\u00e7\u00e3o. \u00a0\u00a0 Apesar das grandes desvantagens, a batalha no Monte de Uhud teria sido uma vit\u00f3ria ainda maior do que a de Badr para os mu\u00e7ulmanos, mas fracassou por causa da desobedi\u00eancia de um grupo de cinquenta arqueiros que o Profeta tinha determinado que guardasse a passagem da cavalaria inimiga.\u00a0 Ao ver seus companheiros vitoriosos, esses homens deixaram seus postos temendo perder sua parte nos esp\u00f3lios.\u00a0 A cavalaria dos Coraixitas cavalgou atrav\u00e9s da passagem e caiu sobre os mu\u00e7ulmanos exultantes.\u00a0 <strong>O pr\u00f3prio Profeta foi ferido e surgiram gritos de que ele tinha sido morto, at\u00e9 que algu\u00e9m o reconheceu e gritou que ele continuava vivo: isso fez com que os mu\u00e7ulmanos se reagrupassem.<\/strong>\u00a0 Reunidos em torno do Profeta, se retiraram, deixando muitos mortos no declive.\u00a0 O campo pertencia aos mecanos e agora as mulheres dos Coraixitas se moviam entre os corpos, lamentando a morte daqueles de seu pr\u00f3prio povo e mutilando os mortos mu\u00e7ulmanos.\u00a0 Hamzah, o jovem tio do Profeta e amigo de inf\u00e2ncia estava entre os \u00faltimos, e a abomin\u00e1vel Hind, mulher de Abu Sufyan, que tinha um ressentimento particular em rela\u00e7\u00e3o a ele e havia oferecido recompensa ao homem que o matasse, comeu seu f\u00edgado, retirado do corpo ainda quente.<\/p>\n<p style=\"text-align: justify;\">No dia seguinte o Profeta mais uma vez saiu com o que havia restado do ex\u00e9rcito, para que os Coraixitas ouvissem que ele estava no campo e talvez dessa forma impedi-los de atacar a cidade.\u00a0 O estratagema deu certo, gra\u00e7as ao comportamento de um bedu\u00edno amigo que encontrou os mu\u00e7ulmanos, conversou com eles e depois encontrou o ex\u00e9rcito dos Coraixitas.\u00a0 Questionado por Abu Sufyan ele disse que Muhammad estava no campo, mais forte do que nunca, e sedento por revanche pelo dia anterior.\u00a0 Com essa informa\u00e7\u00e3o Abu Sufyan decidiu retornar \u00e0 Meca.<\/p>\n<p>[\/vc_column_text][vc_empty_space][vc_separator type=&#8221;normal&#8221; color=&#8221;#727272&#8243;][vc_empty_space][\/vc_column][\/vc_row][vc_row row_type=&#8221;row&#8221; use_row_as_full_screen_section=&#8221;no&#8221; type=&#8221;full_width&#8221; angled_section=&#8221;no&#8221; text_align=&#8221;left&#8221; background_image_as_pattern=&#8221;without_pattern&#8221; css_animation=&#8221;&#8221;][vc_column width=&#8221;1\/2&#8243;][vc_column_text]<\/p>\n<h3 style=\"text-align: center;\">Massacre de Mu\u00e7ulmanos<\/h3>\n<p>&nbsp;<\/p>\n<p style=\"text-align: justify;\">O rev\u00e9s que sofreram no Monte Uhud diminuiu o prest\u00edgio dos mu\u00e7ulmanos com as tribos \u00e1rabes e tamb\u00e9m com os judeus de Yathrib.\u00a0 As tribos que tinham se voltado para os mu\u00e7ulmanos agora se voltavam para os Coraixitas.\u00a0 Os seguidores do Profeta eram atacados e assassinados quando sa\u00edam em pequenos grupos.\u00a0 Khubaib, um dos seus emiss\u00e1rios, foi capturado por uma tribo do deserto e vendido aos Coraixitas, que o torturaram at\u00e9 a morte publicamente em Meca.<\/p>\n<p>&nbsp;<\/p>\n<h3 style=\"text-align: center;\">Expuls\u00e3o de Bani Nadir<\/h3>\n<p>&nbsp;<\/p>\n<p style=\"text-align: justify;\">Os judeus, apesar de seu tratado com os mu\u00e7ulmanos, agora n\u00e3o ocultavam sua hostilidade.\u00a0 Come\u00e7aram a negociar alian\u00e7as com os Coraixitas e os \u2018hip\u00f3critas\u2019 e at\u00e9 tentaram assassinar o Profeta.\u00a0 O Profeta foi obrigado a adotar a\u00e7\u00e3o punitiva contra alguns deles.\u00a0 A tribo de Bani Nadir foi cercada em suas fortes torres, subjugada e for\u00e7ada a emigrar.<\/p>\n<p>[\/vc_column_text][vc_empty_space][vc_column_text]<\/p>\n<div id=\"attachment_1251\" style=\"width: 460px\" class=\"wp-caption aligncenter\"><img loading=\"lazy\" decoding=\"async\" aria-describedby=\"caption-attachment-1251\" class=\"wp-image-1251\" src=\"https:\/\/islamparatodos.com.br\/portal\/wp-content\/uploads\/2016\/08\/batalha-badr-300x158.jpg\" alt=\"batalha-uhud\" width=\"450\" height=\"237\" \/><p id=\"caption-attachment-1251\" class=\"wp-caption-text\">Estrat\u00e9gia da Batalha de Uhud<\/p><\/div>\n<p>[\/vc_column_text][vc_empty_space][\/vc_column][vc_column width=&#8221;1\/2&#8243;][vc_column_text]<\/p>\n<h3 style=\"text-align: center;\">A Guerra da Trincheira<\/h3>\n<p>&nbsp;<\/p>\n<p style=\"text-align: justify;\">Abu Sufyan deve ter entendido muito bem que o velho jogo da retalia\u00e7\u00e3o n\u00e3o era mais v\u00e1lido.\u00a0 Os mu\u00e7ulmanos deviam ser destru\u00eddos ou o jogo estaria perdido para sempre.\u00a0 Com grande habilidade diplom\u00e1tica se dedicou a formar uma confedera\u00e7\u00e3o de tribos bedu\u00ednas, algumas eram, sem d\u00favida, contr\u00e1rias aos mu\u00e7ulmanos, mas outras meramente ansiavam por pilhagem. Ao mesmo tempo ele come\u00e7ou discretamente a sondar os judeus em Medina sobre uma poss\u00edvel alian\u00e7a.\u00a0 No quinto ano da H\u00e9gira (in\u00edcio de 627 EC) ele partiu com 10.000 homens, o maior ex\u00e9rcito jamais visto em Hijaz (a regi\u00e3o ocidental da Pen\u00ednsula \u00c1rabe). \u00a0Medina podia conseguir no m\u00e1ximo 3.000 para enfrent\u00e1-lo.<\/p>\n<p>&nbsp;<\/p>\n<p style=\"text-align: justify;\">O Profeta presidiu um conselho de guerra e nesse momento ningu\u00e9m sugeriu sair para encontrar o inimigo.\u00a0 A \u00fanica quest\u00e3o era como a cidade poderia se defender.\u00a0 Nesse ponto Salman, o persa, um ex-escravo que tinha se tornado um dos companheiros mais pr\u00f3ximos, sugeriu cava uma trincheira profunda para unir os pontos fortes de defesa formados pelos campos de lava e por constru\u00e7\u00f5es fortificadas. \u00a0\u00a0Isso era algo que jamais se tinha ouvido falar em uma guerra \u00e1rabe, mas o Profeta imediatamente apreciou os m\u00e9ritos do plano e come\u00e7ou a trabalhar, carregando entulhos das escava\u00e7\u00f5es em suas costas.<\/p>\n<p>&nbsp;<\/p>\n<p style=\"text-align: justify;\">O trabalho mal tinha sido conclu\u00eddo quando o ex\u00e9rcito confederado apareceu no horizonte.\u00a0 Enquanto os mu\u00e7ulmanos esperavam pelo ataque, chegaram not\u00edcias de que Bani Quraida, uma tribo judaica de Yathrib que tinha, at\u00e9 ent\u00e3o, sido leal, tinha desertado para o inimigo.\u00a0 O caso parecia desesperado.\u00a0 O Profeta trouxe todo homem dispon\u00edvel para a trincheira, deixando a cidade sob o comando de um companheiro cego, e o inimigo foi enfrentado com uma chuva de flechas que surgiram do obst\u00e1culo inesperado.\u00a0 Eles nunca o cruzaram, mas permaneceram em posi\u00e7\u00e3o por tr\u00eas ou quatro semanas, trocando flechas e insultos com os defensores.\u00a0 O clima ficou severo, com ventos gelados e uma tremenda chuva, e foi demais para os confederados bedu\u00ednos.\u00a0 Tinham vindo com a expectativa de uma pilhagem f\u00e1cil e n\u00e3o viram nada a ganhar para se agacharem ao lado de uma trincheira lamacenta em um clima assustador, observando seus animais morrerem por falta de forragem.\u00a0 Foram embora sem se despedirem de Abu Sufyan. \u00a0O ex\u00e9rcito se desintegrou e ele pr\u00f3prio foi for\u00e7ado a recuar.\u00a0 O jogo estava acabado. \u00a0Ele havia perdido<\/p>\n<p>[\/vc_column_text][vc_empty_space][\/vc_column][\/vc_row]<\/p>\n","protected":false},"excerpt":{"rendered":"<p>[vc_row row_type=&#8221;row&#8221; use_row_as_full_screen_section=&#8221;no&#8221; type=&#8221;full_width&#8221; angled_section=&#8221;no&#8221; text_align=&#8221;left&#8221; background_image_as_pattern=&#8221;without_pattern&#8221; css_animation=&#8221;&#8221;][vc_column][vc_column_text] De fato, no ano seguinte, um ex\u00e9rcito de tr\u00eas mil homens veio de Meca para destruir Yathrib.\u00a0 A primeira id\u00e9ia do Profeta era meramente defender a cidade, um plano que Ibn Ubayy, o l\u00edder dos \u201cHip\u00f3critas\u201d aprovava&#8230;<\/p>\n","protected":false},"author":1,"featured_media":0,"parent":0,"menu_order":0,"comment_status":"closed","ping_status":"closed","template":"","meta":{"footnotes":""},"_links":{"self":[{"href":"https:\/\/islamparatodos.com.br\/portal\/wp-json\/wp\/v2\/pages\/1257"}],"collection":[{"href":"https:\/\/islamparatodos.com.br\/portal\/wp-json\/wp\/v2\/pages"}],"about":[{"href":"https:\/\/islamparatodos.com.br\/portal\/wp-json\/wp\/v2\/types\/page"}],"author":[{"embeddable":true,"href":"https:\/\/islamparatodos.com.br\/portal\/wp-json\/wp\/v2\/users\/1"}],"replies":[{"embeddable":true,"href":"https:\/\/islamparatodos.com.br\/portal\/wp-json\/wp\/v2\/comments?post=1257"}],"version-history":[{"count":1,"href":"https:\/\/islamparatodos.com.br\/portal\/wp-json\/wp\/v2\/pages\/1257\/revisions"}],"predecessor-version":[{"id":1738,"href":"https:\/\/islamparatodos.com.br\/portal\/wp-json\/wp\/v2\/pages\/1257\/revisions\/1738"}],"wp:attachment":[{"href":"https:\/\/islamparatodos.com.br\/portal\/wp-json\/wp\/v2\/media?parent=1257"}],"curies":[{"name":"wp","href":"https:\/\/api.w.org\/{rel}","templated":true}]}}