{"id":1274,"date":"2024-02-06T14:07:51","date_gmt":"2024-02-06T17:07:51","guid":{"rendered":"http:\/\/islamparatodos.com.br\/portal\/?page_id=1274"},"modified":"2024-02-06T14:07:51","modified_gmt":"2024-02-06T17:07:51","slug":"conquistando-meca","status":"publish","type":"page","link":"https:\/\/islamparatodos.com.br\/portal\/conquistando-meca\/","title":{"rendered":"CONQUISTANDO MECA"},"content":{"rendered":"<p>[vc_row row_type=&#8221;row&#8221; use_row_as_full_screen_section=&#8221;no&#8221; type=&#8221;full_width&#8221; angled_section=&#8221;no&#8221; text_align=&#8221;left&#8221; background_image_as_pattern=&#8221;without_pattern&#8221; css_animation=&#8221;&#8221;][vc_column][vc_column_text]<\/p>\n<p style=\"text-align: justify;\">No s\u00e9timo ano da H\u00e9gira o Profeta, que Deus o louve, liderou uma campanha contra Khaibar, a fortaleza das tribos judaicas na Ar\u00e1bia do Norte, que se tornou um vespeiro de seus inimigos.\u00a0 <strong>Os judeus de Khaibar se tornaram arrendat\u00e1rios dos mu\u00e7ulmanos<\/strong>.\u00a0 Foi em Khaibar que uma <strong>mulher judia preparou carne envenenada para o Profet<\/strong>a, da qual ele s\u00f3 <strong>provou um pequeno peda\u00e7o<\/strong>. \u00a0Mal o peda\u00e7o tocou seus l\u00e1bios ele percebeu que estava envenenado. \u00a0Sem engoli-lo, avisou seus companheiros do veneno, mas um mu\u00e7ulmano, que j\u00e1 tinha engolido uma boa por\u00e7\u00e3o, morreu depois. \u00a0A mulher que cozinhou a carne foi condenada a morte.<\/p>\n<p>[\/vc_column_text][vc_empty_space][\/vc_column][\/vc_row][vc_row row_type=&#8221;row&#8221; use_row_as_full_screen_section=&#8221;no&#8221; type=&#8221;full_width&#8221; angled_section=&#8221;no&#8221; text_align=&#8221;left&#8221; background_image_as_pattern=&#8221;without_pattern&#8221; css_animation=&#8221;&#8221;][vc_column width=&#8221;1\/2&#8243;][vc_column_text]<\/p>\n<h3 style=\"text-align: center;\"><strong>Peregrina\u00e7\u00e3o \u00e0 Meca<\/strong><\/h3>\n<p>&nbsp;<\/p>\n<p class=\"w-body-text-1\" style=\"text-align: justify;\">No mesmo ano a vis\u00e3o do Profeta foi cumprida: ele visitou Meca sem enfrentar oposi\u00e7\u00e3o.\u00a0 De acordo com os termos do tratado os id\u00f3latras evacuavam a cidade e das montanhas vizinhas observavam o procedimento dos mu\u00e7ulmanos.<\/p>\n<h6>\u00a0.<\/h6>\n<h3 style=\"text-align: center;\"><strong>Tratado quebrado pelos Coraixitas<\/strong><\/h3>\n<p>&nbsp;<\/p>\n<p class=\"w-body-text-1\" style=\"text-align: justify;\">Um pouco depois, uma tribo aliada dos Coraixitas quebrou o tratado atacando uma tribo que era aliada do Profeta, massacrando-os no santu\u00e1rio em Meca.\u00a0 Depois ficaram com medo do que tinham feito.\u00a0 Enviaram Abu Sufyan para Medina para pedir que o tratado existente fosse renovado e seu termo prolongado.\u00a0 Esperavam que ele chegasse antes da not\u00edcia do massacre.\u00a0 Mas um mensageiro da tribo atacada chegou antes dele e Abu Sufyan falhou novamente.<\/p>\n<h2><\/h2>\n<h3 style=\"text-align: center;\"><strong>Conquista de Meca<\/strong><\/h3>\n<p>.<\/p>\n<p class=\"w-body-text-1\" style=\"text-align: justify;\">Ent\u00e3o o Profeta convocou todos os mu\u00e7ulmanos capazes de portar armas e marchou para Meca.\u00a0 Os Coraixitas estavam apavorados.\u00a0 Sua cavalaria se postou antes da cidade, mas foi desbaratada sem derramamento de sangue; e o Profeta entrou em sua cidade natal como conquistador.<\/p>\n<p class=\"w-body-text-1\" style=\"text-align: justify;\">.<\/p>\n<p class=\"w-body-text-1\" style=\"text-align: justify;\">Os habitantes esperavam vingan\u00e7a por seus erros passados, mas o Profeta proclamou uma anistia geral.\u00a0 Em seu al\u00edvio e surpresa, toda a popula\u00e7\u00e3o de Meca correu para jurar lealdade.\u00a0 O Profeta ordenou que todos os \u00eddolos que estavam no santu\u00e1rio fossem destru\u00eddos, dizendo: \u201cA verdade chegou; as trevas se foram\u201d; e o chamado mu\u00e7ulmano para a ora\u00e7\u00e3o foi ouvido em Meca.<\/p>\n<h3 style=\"text-align: center;\">\u00a0.<\/h3>\n<h3 style=\"text-align: center;\"><strong>Batalha de Hunain<\/strong><\/h3>\n<p>&nbsp;<\/p>\n<p class=\"w-body-text-1\" style=\"text-align: justify;\">No mesmo ano houve um encontro enraivecido de tribos pag\u00e3s ansiosas para reconquistar a Caaba.\u00a0 O Profeta liderou doze mil homens contra eles.\u00a0 Em Hunain, uma ravina profunda, suas tropas foram emboscadas pelo inimigo e quase fugiram.\u00a0 Foi com dificuldade que foram reunidos ao Profeta e seu corpo de guarda de companheiros fi\u00e9is que se mantiverem firmes.\u00a0 Mas a vit\u00f3ria, quando veio, foi completa e o botim enorme, porque muitas das tribos hostis tinham trazido com elas tudo que possu\u00edam.<\/p>\n<p>[\/vc_column_text][vc_empty_space][\/vc_column][vc_column width=&#8221;1\/2&#8243;][vc_column_text]<\/p>\n<h3 style=\"text-align: center;\"><strong>Conquista de Taif<\/strong><\/h3>\n<p>&nbsp;<\/p>\n<p class=\"w-body-text-1\" style=\"text-align: justify;\">A tribo de Taqif estava entre os inimigos em Hunain.\u00a0 Depois daquela vit\u00f3ria sua cidade de Taif foi cercada pelos mu\u00e7ulmanos e finalmente subjugada.\u00a0 Ent\u00e3o o Profeta nomeou um governador de Meca e ele pr\u00f3prio retornou para Medina para alegria dos Ansar, que temiam que agora que ele tinha reconquistado sua cidade natal, pudesse esquec\u00ea-los e fazer de Meca a capital.<\/p>\n<p class=\"w-body-text-1\" style=\"text-align: justify;\">.<\/p>\n<h3 style=\"text-align: center;\"><strong>A Expedi\u00e7\u00e3o de Tabuk<\/strong><\/h3>\n<p>&nbsp;<\/p>\n<p class=\"w-body-text-1\" style=\"text-align: justify;\">No nono ano da H\u00e9gira, ao ouvir que um ex\u00e9rcito estava se reunindo novamente na S\u00edria, o Profeta chamou todos os mu\u00e7ulmanos para suport\u00e1-lo em uma grande campanha.\u00a0 Apesar da enfermidade, o Profeta liderou um ex\u00e9rcito contra a fronteira S\u00edria no meio do ver\u00e3o.\u00a0 A longa dist\u00e2ncia, o calor, o fato de que era tempo de colheita e o prest\u00edgio do inimigo fez com que muitos usassem isso como desculpa para ficar para tr\u00e1s e muitos outros se isentaram sem desculpa alguma.\u00a0 Acamparam aquela noite sem comida ou bebida, se abrigando atr\u00e1s de seus camelos, e assim alcan\u00e7aram o o\u00e1sis de Tabuk, retornando finalmente para Meca depois de converter v\u00e1rias tribos.\u00a0 Mas a campanha terminou de forma pac\u00edfica.\u00a0 O ex\u00e9rcito avan\u00e7ou para Tabuk, na fronteira da S\u00edria, mas l\u00e1 souberam que o inimigo ainda n\u00e3o havia se reunido.<\/p>\n<h2><\/h2>\n<h3 style=\"text-align: center;\"><strong>Declara\u00e7\u00e3o de Imunidade<\/strong><\/h3>\n<p>.<\/p>\n<p class=\"w-body-text-1\" style=\"text-align: justify;\">Embora Meca tivesse sido conquistada e seu povo fosse agora mu\u00e7ulmano, a ordem oficial da peregrina\u00e7\u00e3o n\u00e3o havia mudado; os \u00e1rabes pag\u00e3os a realizavam de sua maneira e os mu\u00e7ulmanos de sua maneira.\u00a0 Foi apenas depois da caravana de peregrinos ter deixado Medina no nono ano da H\u00e9gira, quando o Isl\u00e3 era dominante na Ar\u00e1bia do Norte, que a Declara\u00e7\u00e3o de Imunidade, como \u00e9 chamada, foi revelada.\u00a0 Seu teor era que depois daquele ano apenas os mu\u00e7ulmanos fariam a peregrina\u00e7\u00e3o, com exce\u00e7\u00e3o para os id\u00f3latras que tinham um tratado em andamento com os mu\u00e7ulmanos e nunca tivessem quebrado seus tratados e nem apoiado ningu\u00e9m contra aqueles com quem tinham tratados.\u00a0 Esses desfrutariam os privil\u00e9gios de seu tratado para o termo acordado, mas quando seu tratado expirasse seriam como os outros id\u00f3latras.\u00a0 Essa proclama\u00e7\u00e3o colocou um fim \u00e0 idolatria na Ar\u00e1bia.<\/p>\n<p>[\/vc_column_text][\/vc_column][\/vc_row]<\/p>\n","protected":false},"excerpt":{"rendered":"<p>[vc_row row_type=&#8221;row&#8221; use_row_as_full_screen_section=&#8221;no&#8221; type=&#8221;full_width&#8221; angled_section=&#8221;no&#8221; text_align=&#8221;left&#8221; background_image_as_pattern=&#8221;without_pattern&#8221; css_animation=&#8221;&#8221;][vc_column][vc_column_text] No s\u00e9timo ano da H\u00e9gira o Profeta, que Deus o louve, liderou uma campanha contra Khaibar, a fortaleza das tribos judaicas na Ar\u00e1bia do Norte, que se tornou um vespeiro de seus inimigos.\u00a0 Os judeus de Khaibar&#8230;<\/p>\n","protected":false},"author":1,"featured_media":0,"parent":0,"menu_order":0,"comment_status":"closed","ping_status":"closed","template":"","meta":{"footnotes":""},"_links":{"self":[{"href":"https:\/\/islamparatodos.com.br\/portal\/wp-json\/wp\/v2\/pages\/1274"}],"collection":[{"href":"https:\/\/islamparatodos.com.br\/portal\/wp-json\/wp\/v2\/pages"}],"about":[{"href":"https:\/\/islamparatodos.com.br\/portal\/wp-json\/wp\/v2\/types\/page"}],"author":[{"embeddable":true,"href":"https:\/\/islamparatodos.com.br\/portal\/wp-json\/wp\/v2\/users\/1"}],"replies":[{"embeddable":true,"href":"https:\/\/islamparatodos.com.br\/portal\/wp-json\/wp\/v2\/comments?post=1274"}],"version-history":[{"count":1,"href":"https:\/\/islamparatodos.com.br\/portal\/wp-json\/wp\/v2\/pages\/1274\/revisions"}],"predecessor-version":[{"id":1740,"href":"https:\/\/islamparatodos.com.br\/portal\/wp-json\/wp\/v2\/pages\/1274\/revisions\/1740"}],"wp:attachment":[{"href":"https:\/\/islamparatodos.com.br\/portal\/wp-json\/wp\/v2\/media?parent=1274"}],"curies":[{"name":"wp","href":"https:\/\/api.w.org\/{rel}","templated":true}]}}