{"id":1279,"date":"2024-02-06T14:08:05","date_gmt":"2024-02-06T17:08:05","guid":{"rendered":"http:\/\/islamparatodos.com.br\/portal\/?page_id=1279"},"modified":"2024-02-06T14:08:05","modified_gmt":"2024-02-06T17:08:05","slug":"o-sermao-de-despedida","status":"publish","type":"page","link":"https:\/\/islamparatodos.com.br\/portal\/o-sermao-de-despedida\/","title":{"rendered":"O SERM\u00c3O DE DESPEDIDA E A MORTE DO PROFETA MUHAMMAD"},"content":{"rendered":"<p>[vc_row row_type=&#8221;row&#8221; use_row_as_full_screen_section=&#8221;no&#8221; type=&#8221;full_width&#8221; angled_section=&#8221;no&#8221; text_align=&#8221;left&#8221; background_image_as_pattern=&#8221;without_pattern&#8221; css_animation=&#8221;&#8221;][vc_column width=&#8221;1\/2&#8243;][vc_column_text]<\/p>\n<h3 style=\"text-align: center;\"><strong>A Peregrina\u00e7\u00e3o da Despedida<\/strong><\/h3>\n<p>[\/vc_column_text][vc_empty_space][vc_column_text]<\/p>\n<p class=\"w-body-text-1\" style=\"text-align: justify;\">O fim, entretanto, estava se aproximando, e no d\u00e9cimo ano da H\u00e9gira ele partiu de Medina com 90.000 mu\u00e7ulmanos de todas as partes da Ar\u00e1bia para realizar o Hajj, a peregrina\u00e7\u00e3o.\u00a0 Essa viagem triunfal do homem envelhecido, exaurido por anos de persegui\u00e7\u00e3o e ent\u00e3o por luta incessante, \u00e9 cercada por um tipo de esplendor sombrio, como se um grande aro de luz tivesse finalmente se fechado, cercando o mundo mortal em seu brilho calmo.<\/p>\n<p class=\"w-body-text-1\" style=\"text-align: justify;\">.<\/p>\n<p class=\"w-body-text-1\" style=\"text-align: justify;\">No d\u00e9cimo ano da H\u00e9gira ele foi para Meca como um peregrino pela \u00faltima vez, chamada de \u201cperegrina\u00e7\u00e3o da despedida\u201d quando da plan\u00edcie de Arafat ele pregou para uma multid\u00e3o de peregrinos.\u00a0 Ele os lembrou de todos os deveres que o Isl\u00e3 exigia deles, e que um dia encontrariam seu Senhor, que julgaria cada um de acordo com sua obra. \u00a0\u00a0No fim do discurso, ele perguntou: \u201cTransmiti a Mensagem?\u201d E aquela multid\u00e3o de homens que h\u00e1 poucos meses ou anos tinham sido id\u00f3latras sem consci\u00eancia gritou: \u201c\u00d3 Deus! Sim!\u201d O Profeta disse: \u201c\u00d3 Deus! Tu \u00e9s testemunha!\u201d O Isl\u00e3 tinha sido estabelecido e cresceria para ser uma grande \u00e1rvore abrigando multid\u00f5es ainda maiores.\u00a0 Seu trabalho estava feito e ele estava pronto para abrir m\u00e3o de seu fardo e partir.<\/p>\n<p>[\/vc_column_text][vc_empty_space][vc_column_text]<\/p>\n<div id=\"attachment_1290\" style=\"width: 445px\" class=\"wp-caption aligncenter\"><img loading=\"lazy\" decoding=\"async\" aria-describedby=\"caption-attachment-1290\" class=\"wp-image-1290\" src=\"https:\/\/islamparatodos.com.br\/portal\/wp-content\/uploads\/2016\/08\/monte-arafat-300x187.jpg\" alt=\"monte-arafat\" width=\"435\" height=\"271\" \/><p id=\"caption-attachment-1290\" class=\"wp-caption-text\">Monte Arafat &#8211; O monte onde foi realizado o serm\u00e3o de despedida do Profeta Muhammad<\/p><\/div>\n<p>[\/vc_column_text][vc_empty_space][\/vc_column][vc_column width=&#8221;1\/2&#8243;][vc_column_text]<\/p>\n<h3 style=\"text-align: center;\"><strong>Doen\u00e7a e Morte do Profeta<\/strong><\/h3>\n<p>[\/vc_column_text][vc_empty_space][vc_column_text]<\/p>\n<p class=\"w-body-text-1\" style=\"text-align: justify;\">O Profeta retornou para Medina.\u00a0 Ainda havia trabalho a ser feito; mas um dia ele foi acometido por uma dolorosa doen\u00e7a.\u00a0 Veio para a mesquita envolvido em um cobertor, e alguns viram os sinais da morte em seu rosto.<\/p>\n<p class=\"w-body-text-1\" style=\"text-align: justify;\">.<\/p>\n<p class=\"w-hadeeth-or-bible\" style=\"text-align: justify;\">\u201cSe houver algu\u00e9m entre voc\u00eas,\u201d ele disse, \u201ca quem eu tenha ordenado que fosse chicoteado injustamente, aqui est\u00e3o as minhas costas. Bata agora. Se tiver prejudicado a reputa\u00e7\u00e3o de algum de voc\u00eas, ele poder\u00e1 fazer o mesmo com a minha.\u201d<\/p>\n<p class=\"w-hadeeth-or-bible\" style=\"text-align: justify;\">.<\/p>\n<p class=\"w-body-text-1\" style=\"text-align: justify;\">Ele disse uma vez:<\/p>\n<p class=\"w-hadeeth-or-bible\" style=\"text-align: justify;\">\u201cO que tenho a ver com esse mundo? Eu e esse mundo somos como um cavaleiro e uma \u00e1rvore sob a qual ele se abriga. Ent\u00e3o ele segue seu caminho e a deixa para tr\u00e1s.\u201d<\/p>\n<p class=\"w-body-text-1\" style=\"text-align: justify;\">E agora ele disse:<\/p>\n<p class=\"w-hadeeth-or-bible\" style=\"text-align: justify;\">\u201cExiste um servo entre os servos de Deus a quem foi oferecida a escolha entre esse mundo e aquele que est\u00e1 com Ele, e o servo escolheu aquele que est\u00e1 com Deus.\u201d<\/p>\n<p class=\"w-hadeeth-or-bible\" style=\"text-align: justify;\">.<\/p>\n<p class=\"w-body-text-1\" style=\"text-align: justify;\">Em 12 de 12 Rab\u012b\u2019ul-Awwal no d\u00e9cimo primeiro ano da H\u00e9gira, que no calend\u00e1rio crist\u00e3o era 8 de junho de 632, ele entrou na mesquita pela \u00faltima vez.\u00a0 Abu Bakr estava liderando a ora\u00e7\u00e3o e ele fez um gesto para que Abu Bakr continuasse.\u00a0 Enquanto observava as pessoas, seu rosto ficou radiante.\u00a0 \u2018Nunca vi o rosto do Profeta mais belo do que naquela hora\u2019, disse seu companheiro Anas.\u00a0 Ao retornar para a casa de Aisha ele deitou sua cabe\u00e7a em seu colo.\u00a0 Abriu seus olhos e ela o ouviu murmurar: \u00a0\u2018Com o companheiro mais nobre no Para\u00edso&#8230;\u2019 Essas foram suas \u00faltimas palavras.\u00a0 Mais tarde, cresceu o rumor de que ele estava morto.\u00a0 Umar amea\u00e7ou aqueles que espalharam o rumor com uma terr\u00edvel puni\u00e7\u00e3o, declarando um crime pensar que o Mensageiro de Deus podia morrer.\u00a0 Estava esbravejando para as pessoas quando Abu Bakr veio para a mesquita e o entreouviu.\u00a0 Abu Bakr foi para a c\u00e2mara de sua filha Aisha, onde o Profeta estava deitado.\u00a0 Tendo se certificado do fato, e beijado a testa do homem morto, voltou para a mesquita.\u00a0 As pessoas continuavam a ouvir Umar, que dizia que o rumor era uma mentira perversa, que o Profeta, que era sua for\u00e7a vital, n\u00e3o podia morrer.\u00a0 Abu Bakr foi para Umar e tentou par\u00e1-lo com um sussurro.\u00a0 Ent\u00e3o, ao perceber que ele n\u00e3o daria aten\u00e7\u00e3o, Abu Bakr chamou as pessoas, que, reconhecendo sua voz, deixaram Umar e se reuniram ao seu redor.\u00a0 Primeiro ele louvou a Deus e ent\u00e3o disse as palavras que simbolizam o credo do Isl\u00e3: \u201c\u00d3 povo! Quanto aquele que costumava adorar Muhammad, Muhammad est\u00e1 morto. Quanto aquele que costumava adorar Deus, Deus est\u00e1 vivo e n\u00e3o morre.\u201d Ent\u00e3o recitou o vers\u00edculo do Alcor\u00e3o:<\/p>\n<p class=\"w-body-text-1\" style=\"text-align: justify;\"><b>\u201cE Muhammad \u00e9 apenas um mensageiro; mensageiro como aqueles que vieram antes dele.<span class=\"w-quranchar\"> Quando ele morrer or for assassinado, debandar\u00e3o? Aquele que d\u00e1 as costas n\u00e3o causa mal a Deus, e Deus recompensar\u00e1 os agradecidos.\u201d<\/span><\/b><\/p>\n<p>[\/vc_column_text][vc_empty_space][\/vc_column][\/vc_row][vc_row row_type=&#8221;row&#8221; use_row_as_full_screen_section=&#8221;no&#8221; type=&#8221;full_width&#8221; angled_section=&#8221;no&#8221; text_align=&#8221;left&#8221; background_image_as_pattern=&#8221;without_pattern&#8221; css_animation=&#8221;&#8221;][vc_column][vc_column_text]<\/p>\n<h2 style=\"text-align: center;\"><strong>O SERM\u00c3O DE DESPEDIDA<\/strong><\/h2>\n<p>[\/vc_column_text][vc_empty_space][vc_column_text]<\/p>\n<p class=\"w-body-text-1\" style=\"text-align: justify;\"><strong>Ap\u00f3s louvar e agradecer a Deus, o Profeta, que Deus o exalte, disse:<\/strong><\/p>\n<p class=\"w-body-text-1\" style=\"text-align: justify;\"><strong><span lang=\"PT-BR\">\u201c\u00d3 Povo, preste aten\u00e7\u00e3o, porque eu n\u00e3o sei se estarei entre voc\u00eas novamente depois desse ano.\u00a0 Portanto, ou\u00e7am o que estou dizendo com muita aten\u00e7\u00e3o e levem essas palavras para aqueles que n\u00e3o puderam estar presentes aqui hoje.<\/span><\/strong><\/p>\n<h6 class=\"w-body-text-1\" style=\"text-align: justify;\">.<\/h6>\n<p class=\"w-body-text-1\" style=\"text-align: justify;\"><strong><span lang=\"PT-BR\">\u00d3 Povo, assim como consideram esse m\u00eas, esse dia e essa cidade como sagrados, considerem a vida e a propriedade de todo mu\u00e7ulmano como sagrados.\u00a0 Devolvam os bens que lhes forem confiados aos seus leg\u00edtimos donos.\u00a0 N\u00e3o prejudiquem uns aos outros para que ningu\u00e9m os prejudique.\u00a0 Lembrem que encontrar\u00e3o seu Senhor, e que Ele pedir\u00e1 contas de seus atos.\u00a0 Deus proibiu a usura (juros) e, portanto, todas as obriga\u00e7\u00f5es baseadas em juros devem ser renunciadas.\u00a0 O seu capital, entretanto, deve ser mantido.\u00a0 N\u00e3o devem infligir nem sofrer qualquer injusti\u00e7a.\u00a0 Deus julgou que n\u00e3o deve haver juros e que todo o juro devido a Abbas ibn Abd\u2019al Muttalib deve, portanto, ser renunciado&#8230;<\/span><\/strong><\/p>\n<h6 class=\"w-body-text-1\" style=\"text-align: justify;\">.<\/h6>\n<p class=\"w-body-text-1\" style=\"text-align: justify;\"><strong><span lang=\"PT-BR\">Tenham cuidado com Satan\u00e1s, pela seguran\u00e7a de sua religi\u00e3o.\u00a0 Ele perdeu a esperan\u00e7a de desvi\u00e1-los nas grandes coisas, ent\u00e3o fiquem atentos para n\u00e3o o seguirem nas pequenas coisas.<\/span><\/strong><\/p>\n<h6 class=\"w-body-text-1\" style=\"text-align: justify;\">.<\/h6>\n<p class=\"w-body-text-1\" style=\"text-align: justify;\"><strong><span lang=\"PT-BR\">\u00d3 Povo, \u00e9 verdade que t\u00eam certos direitos em rela\u00e7\u00e3o \u00e0s suas mulheres, mas elas tamb\u00e9m t\u00eam direitos sobre voc\u00eas.\u00a0 Lembrem que as tomaram como esposas somente sob a cust\u00f3dia de Deus e com Sua permiss\u00e3o.\u00a0 Se elas mantiverem os seus direitos ent\u00e3o a elas pertence o direito de serem vestidas e alimentadas com gentileza.\u00a0 Tratem bem suas mulheres e sejam gentis com elas, porque elas s\u00e3o suas parceiras e ajudantes dedicadas.\u00a0 \u00c9 seu direito que elas n\u00e3o fa\u00e7am amizade com quem n\u00e3o aprovem, e tamb\u00e9m que sejam castas.<\/span><\/strong><\/p>\n<h6 class=\"w-body-text-1\" style=\"text-align: justify;\">.<\/h6>\n<p class=\"w-body-text-1\" style=\"text-align: justify;\"><strong><span lang=\"PT-BR\">\u00d3 Povo, me ou\u00e7am com aten\u00e7\u00e3o, adorem a Deus, fa\u00e7am suas cinco ora\u00e7\u00f5es di\u00e1rias, jejuem durante o m\u00eas de Ramad\u00e3, e paguem o Zakat.\u00a0 Fa\u00e7am o Hajj se tiverem os meios.<\/span><\/strong><\/p>\n<h6 class=\"w-body-text-1\" style=\"text-align: justify;\">.<\/h6>\n<p class=\"w-body-text-1\" style=\"text-align: justify;\"><strong><span lang=\"PT-BR\">Toda a humanidade descende de Ad\u00e3o e Eva.\u00a0 Um \u00e1rabe n\u00e3o \u00e9 superior a um n\u00e3o-\u00e1rabe, nem um n\u00e3o-\u00e1rabe tem qualquer superioridade sobre um \u00e1rabe; o branco n\u00e3o tem superioridade sobre o negro, nem o negro \u00e9 superior ao branco; ningu\u00e9m \u00e9 superior, exceto pela piedade e boas a\u00e7\u00f5es.\u00a0 Aprendam que todo mu\u00e7ulmano \u00e9 irm\u00e3o de todo mu\u00e7ulmano e que os mu\u00e7ulmanos constituem uma irmandade.\u00a0 Nada que perten\u00e7a a um mu\u00e7ulmano \u00e9 leg\u00edtimo para outro mu\u00e7ulmano a menos que seja dado de livre e espont\u00e2nea vontade.\u00a0 Portanto, n\u00e3o cometam injusti\u00e7as contra voc\u00eas mesmos.<\/span><\/strong><\/p>\n<h6 class=\"w-body-text-1\" style=\"text-align: justify;\">.<\/h6>\n<p class=\"w-body-text-1\" style=\"text-align: justify;\"><strong><span lang=\"PT-BR\">Lembrem que um dia se apresentar\u00e3o perante Deus e responder\u00e3o pelos seus atos.\u00a0 Ent\u00e3o fiquem atentos e n\u00e3o se desviem do caminho da retid\u00e3o ap\u00f3s eu partir.<\/span><\/strong><\/p>\n<h6 class=\"w-body-text-1\" style=\"text-align: justify;\">.<\/h6>\n<p class=\"w-body-text-1\" style=\"text-align: justify;\"><strong><span lang=\"PT-BR\">\u00d3 Povo, nenhum profeta ou ap\u00f3stolo vir\u00e1 depois de mim, e nenhuma nova f\u00e9 nascer\u00e1.\u00a0 Reflitam bem, portanto, \u00f3 povo, e compreendam as palavras que eu lhes transmito.\u00a0 Eu deixo duas coisas, o Alcor\u00e3o e o meu exemplo, a Sunnah, e se os seguirem jamais se desviar\u00e3o.<\/span><\/strong><\/p>\n<h6 class=\"w-body-text-1\" style=\"text-align: justify;\">.<\/h6>\n<p class=\"w-body-text-1\" style=\"text-align: justify;\"><strong><span lang=\"PT-BR\">Todos aqueles que me ouvem devem passar minhas palavras adiante muitas vezes; e que os \u00faltimos compreendam melhor as minhas palavras do que aqueles que me ouvem diretamente.\u00a0 Seja minha testemunha, \u00d3 Deus, de que eu transmiti a Sua mensagem para o seu povo.\u201d<\/span><\/strong><\/p>\n<h6 class=\"w-body-text-1\" style=\"text-align: justify;\">.<\/h6>\n<p class=\"w-body-text-1\" style=\"text-align: justify;\">Assim o amado Profeta completou seu Serm\u00e3o da Despedida e ao faz\u00ea-lo, pr\u00f3ximo da congrega\u00e7\u00e3o de Arafat, a revela\u00e7\u00e3o desceu:<\/p>\n<p class=\"w-quran\" style=\"text-align: justify;\"><em><strong>\u201c&#8230;Hoje, completei a religi\u00e3o para v\u00f3s; e vos escolhi o Isl\u00e3 como religi\u00e3o&#8230;\u201d\u00a0\u00a0 (Alcor\u00e3o 5:3)<\/strong><\/em><\/p>\n<p>[\/vc_column_text][vc_empty_space][\/vc_column][\/vc_row]<\/p>\n","protected":false},"excerpt":{"rendered":"<p>[vc_row row_type=&#8221;row&#8221; use_row_as_full_screen_section=&#8221;no&#8221; type=&#8221;full_width&#8221; angled_section=&#8221;no&#8221; text_align=&#8221;left&#8221; background_image_as_pattern=&#8221;without_pattern&#8221; css_animation=&#8221;&#8221;][vc_column width=&#8221;1\/2&#8243;][vc_column_text] A Peregrina\u00e7\u00e3o da Despedida [\/vc_column_text][vc_empty_space][vc_column_text] O fim, entretanto, estava se aproximando, e no d\u00e9cimo ano da H\u00e9gira ele partiu de Medina com 90.000 mu\u00e7ulmanos de todas as partes da Ar\u00e1bia para realizar o Hajj, a peregrina\u00e7\u00e3o.\u00a0&#8230;<\/p>\n","protected":false},"author":1,"featured_media":0,"parent":0,"menu_order":0,"comment_status":"closed","ping_status":"closed","template":"","meta":{"footnotes":""},"_links":{"self":[{"href":"https:\/\/islamparatodos.com.br\/portal\/wp-json\/wp\/v2\/pages\/1279"}],"collection":[{"href":"https:\/\/islamparatodos.com.br\/portal\/wp-json\/wp\/v2\/pages"}],"about":[{"href":"https:\/\/islamparatodos.com.br\/portal\/wp-json\/wp\/v2\/types\/page"}],"author":[{"embeddable":true,"href":"https:\/\/islamparatodos.com.br\/portal\/wp-json\/wp\/v2\/users\/1"}],"replies":[{"embeddable":true,"href":"https:\/\/islamparatodos.com.br\/portal\/wp-json\/wp\/v2\/comments?post=1279"}],"version-history":[{"count":1,"href":"https:\/\/islamparatodos.com.br\/portal\/wp-json\/wp\/v2\/pages\/1279\/revisions"}],"predecessor-version":[{"id":1744,"href":"https:\/\/islamparatodos.com.br\/portal\/wp-json\/wp\/v2\/pages\/1279\/revisions\/1744"}],"wp:attachment":[{"href":"https:\/\/islamparatodos.com.br\/portal\/wp-json\/wp\/v2\/media?parent=1279"}],"curies":[{"name":"wp","href":"https:\/\/api.w.org\/{rel}","templated":true}]}}