{"id":1302,"date":"2024-02-06T14:08:05","date_gmt":"2024-02-06T17:08:05","guid":{"rendered":"http:\/\/islamparatodos.com.br\/portal\/?page_id=1302"},"modified":"2024-02-06T14:08:05","modified_gmt":"2024-02-06T17:08:05","slug":"os-cinco-pilares","status":"publish","type":"page","link":"https:\/\/islamparatodos.com.br\/portal\/os-cinco-pilares\/","title":{"rendered":"OS 5 PILARES DO ISLAM"},"content":{"rendered":"<p>[vc_row row_type=&#8221;row&#8221; use_row_as_full_screen_section=&#8221;no&#8221; type=&#8221;full_width&#8221; angled_section=&#8221;no&#8221; text_align=&#8221;left&#8221; background_image_as_pattern=&#8221;without_pattern&#8221; css_animation=&#8221;&#8221;][vc_column width=&#8221;2\/3&#8243;][vc_column_text]<\/p>\n<h2 style=\"text-align: center;\">1 &#8211; SHAHADA (Testemunho de F\u00e9)<strong><br \/>\n<\/strong><\/h2>\n<p>[\/vc_column_text][vc_empty_space][vc_column_text]<\/p>\n<p style=\"text-align: justify;\">A<strong> Shahada nada mais \u00e9 que o testemunho<\/strong>,ou seja testemunhar que: <em><strong>N\u00e3o h\u00e1 outra Divindade al\u00e9m de Allah(Deus) e\u00a0Muhammad \u00e9 Seu mensageiro<\/strong>. Esse pequeno testemunho \u00e9 a chave para o Islam.<\/em><\/p>\n<p>&nbsp;<\/p>\n<p style=\"text-align: justify;\">Testemunhar que \u201cN\u00e3o existe outra Divindade al\u00e9m de Allah\u201d, \u00e9 testemunhar que existe apenas <strong>um Deus, uno, sem sexo, filhos, parceiros, apenas Deus<\/strong>. O Islam \u00e9 uma <strong>religi\u00e3o monote\u00edsta<\/strong>, por isso, acreditar em um Deus \u00fanico \u00e9 o b\u00e1sico.<\/p>\n<p>&nbsp;<\/p>\n<p style=\"text-align: justify;\">Testemunhar que \u201cMuhammad \u00e9 Seu mensageiro<em>\u201c<\/em> n\u00e3o \u00e9 desvalorizar os outros profetas, nem gostar dele mais que os outros,os mu\u00e7ulmanos dizem s\u00f3 <strong>Muhammad<\/strong> porque ele foi o <strong>\u00faltimo profeta enviado por Deus<\/strong> segundo o Islam. Ao dizer \u201cMuhammad\u201d \u00e9 aceitar todos os outros profetas, <strong>Muhammad veio para refor\u00e7ar a mensagem de Deus.<\/strong><\/p>\n<p>[\/vc_column_text][vc_empty_space][\/vc_column][vc_column width=&#8221;1\/3&#8243;][vc_empty_space][vc_empty_space][vc_column_text]<\/p>\n<div id=\"attachment_1305\" style=\"width: 399px\" class=\"wp-caption aligncenter\"><img loading=\"lazy\" decoding=\"async\" aria-describedby=\"caption-attachment-1305\" class=\" wp-image-1305\" src=\"https:\/\/islamparatodos.com.br\/portal\/wp-content\/uploads\/2016\/08\/shahada-300x159.jpg\" alt=\"Group of Hands Holding up the Number One Sign\" width=\"389\" height=\"206\" \/><p id=\"caption-attachment-1305\" class=\"wp-caption-text\">DEUS \u00e9 \u00fanico! Sem s\u00f3cios, sem parceiros e sem filhos.<\/p><\/div>\n<p>[\/vc_column_text][\/vc_column][\/vc_row][vc_row row_type=&#8221;row&#8221; use_row_as_full_screen_section=&#8221;no&#8221; type=&#8221;full_width&#8221; angled_section=&#8221;no&#8221; text_align=&#8221;left&#8221; background_image_as_pattern=&#8221;without_pattern&#8221; css_animation=&#8221;&#8221;][vc_column width=&#8221;2\/3&#8243;][vc_column_text]<\/p>\n<h2 style=\"text-align: center;\">2 &#8211; SALAH (A ora\u00e7\u00e3o)<\/h2>\n<p>[\/vc_column_text][vc_empty_space][vc_column_text]<\/p>\n<p style=\"text-align: justify;\">A<strong> ora\u00e7\u00e3o que todo mu\u00e7ulmano<\/strong> deve realizar <strong>cinco vezes ao dia<\/strong> em hor\u00e1rios espec\u00edficos iniciando antes do sol nascer at\u00e9 a noite. \u00c9 na ora\u00e7\u00e3o que o mu\u00e7ulmano se aproxima de Deus para ador\u00e1-lo, pedir perd\u00e3o, agradecer e fazer s\u00faplicas<span class=\"skimlinks-unlinked\">. N\u00e3o \u00e9 poss\u00edvel ser mu\u00e7ulmano e n\u00e3o cumprir as ora\u00e7\u00f5es.<\/span><\/p>\n<p>&nbsp;<\/p>\n<p style=\"text-align: justify;\"><span class=\"skimlinks-unlinked\">Mas obviamente h\u00e1 flexibilidade para aqueles que n\u00e3o conseguem cumprir as ora\u00e7\u00f5es em seu devido tempo. Quem por alguma raz\u00e3o n\u00e3o puder cumprir os hor\u00e1rios das ora\u00e7\u00f5es, pode realiz\u00e1-las depois do hor\u00e1rio, nunca antes, por exemplo, se o <strong>mu\u00e7ulmano perdeu a ora\u00e7\u00e3o da manh\u00e3, ou do meio dia, pode faz\u00ea-las depois assim que estiver em local adequado<\/strong>. O mu\u00e7ulmano pode fazer mais ora\u00e7\u00f5es al\u00e9m das cinco ora\u00e7\u00f5es obrigat\u00f3rias.<\/span><\/p>\n<p style=\"text-align: justify;\">A <strong>ora\u00e7\u00e3o pode ser feita em qualquer luga<\/strong>r, desde que seja limpo e adequado para se <strong>concentrar e fazer a ora\u00e7\u00e3o confortavelment<\/strong>e, os homens devem buscar sempre rezar nas mesquitas, as mulheres podem rezar nas mesquitas tamb\u00e9m, em local apropriado e separado dos homens<span class=\"skimlinks-unlinked\">, se n\u00e3o for poss\u00edvel rezar na mesquita, por causa de trabalho ou porque n\u00e3o h\u00e1 mesquita onde vive, ent\u00e3o pode rezar em qualquer lugar, na casa, no trabalho etc.<\/span><\/p>\n<p>&nbsp;<\/p>\n<p style=\"text-align: justify;\"><strong>O mu\u00e7ulmano reza se prostrando, curvando-se at\u00e9 o ch\u00e3o, sua cabe\u00e7a e seu nariz deve tocar o ch\u00e3o que o mundo inteiro pisa, em sinal de humildade ao Criador dos C\u00e9us e da Terra.<\/strong><\/p>\n<p>&nbsp;<\/p>\n<p style=\"text-align: justify;\"><span class=\"skimlinks-unlinked\">Se por alguma raz\u00e3o (doen\u00e7a, viagem, etc.) o mu\u00e7ulmano n\u00e3o puder se prostrar dessa maneira<\/span>, ele pode rezar sentado ou de p\u00e9, mas com postura. O mu\u00e7ulmano deve rezar virado para a dire\u00e7\u00e3o de Meca, a cidade <span class=\"skimlinks-unlinked\">sagrada. <\/span><\/p>\n<p>[\/vc_column_text][vc_empty_space][\/vc_column][vc_column width=&#8221;1\/3&#8243;][vc_empty_space][vc_empty_space][vc_column_text]<img loading=\"lazy\" decoding=\"async\" class=\"wp-image-1307 aligncenter\" src=\"https:\/\/islamparatodos.com.br\/portal\/wp-content\/uploads\/2016\/08\/salat-300x200.jpg\" alt=\"salat\" width=\"371\" height=\"247\" \/>[\/vc_column_text][\/vc_column][\/vc_row][vc_row row_type=&#8221;row&#8221; use_row_as_full_screen_section=&#8221;no&#8221; type=&#8221;full_width&#8221; angled_section=&#8221;no&#8221; text_align=&#8221;left&#8221; background_image_as_pattern=&#8221;without_pattern&#8221; css_animation=&#8221;&#8221;][vc_column width=&#8221;2\/3&#8243;][vc_column_text]<\/p>\n<h2 style=\"text-align: center;\">3 &#8211; Zakat (Caridade)<\/h2>\n<p>[\/vc_column_text][vc_empty_space][vc_column_text]<\/p>\n<p style=\"text-align: justify;\"><strong>Zakat \u00e9 a caridade<\/strong>,que deve ser paga todos os anos para pessoas menos favorecidas. A caridade ocorre do mu\u00e7ulmano que tem melhores condi\u00e7\u00f5es para o necessitado. N\u00e3o h\u00e1 interven\u00e7\u00f5es de nenhum l\u00edder religioso ou da mesquita.<\/p>\n<p>&nbsp;<\/p>\n<p style=\"text-align: justify;\">O <strong>mu\u00e7ulmano doa algo como 2,5%<\/strong> de tudo o que ele arrecadou durante um ano. \u00c9 uma forma de <strong>purifica\u00e7\u00e3o espiritual com Deus<\/strong>, porque na Zakat voc\u00ea ajuda aqueles que n\u00e3o tiveram as mesmas oportunidades que voc\u00ea.<\/p>\n<p>&nbsp;<\/p>\n<p style=\"text-align: justify;\">Sabendo que a Zakat pode ser realizada em qualquer \u00e9poca do ano e em qualquer hora, cada mu\u00e7ulmano tem seu tempo para doar seu zakat, e deve ser feito de todo o cora\u00e7\u00e3o. Os mu\u00e7ulmanos que n\u00e3o tem essa condi\u00e7\u00e3o, est\u00e3o isentos desse pilar do islam.<\/p>\n<p>[\/vc_column_text][vc_empty_space][\/vc_column][vc_column width=&#8221;1\/3&#8243;][vc_empty_space][vc_empty_space][vc_column_text][\/vc_column_text][vc_column_text]<img loading=\"lazy\" decoding=\"async\" class=\"wp-image-1327 aligncenter\" src=\"https:\/\/islamparatodos.com.br\/portal\/wp-content\/uploads\/2016\/08\/zakat-1-300x165.jpg\" alt=\"zakat\" width=\"404\" height=\"222\" \/>[\/vc_column_text][\/vc_column][\/vc_row][vc_row row_type=&#8221;row&#8221; use_row_as_full_screen_section=&#8221;no&#8221; type=&#8221;full_width&#8221; angled_section=&#8221;no&#8221; text_align=&#8221;left&#8221; background_image_as_pattern=&#8221;without_pattern&#8221; css_animation=&#8221;&#8221;][vc_column width=&#8221;2\/3&#8243;][vc_column_text]<\/p>\n<h2 style=\"text-align: center;\">4 &#8211; Jejum do M\u00eas do Ramadan<\/h2>\n<p>[\/vc_column_text][vc_empty_space][vc_column_text]<\/p>\n<p style=\"text-align: justify;\"><strong>O Jejum acontece no Ramadan<\/strong>, que \u00e9 no nono m\u00eas do calend\u00e1rio lunar (calend\u00e1rio espec\u00edfico dos mu\u00e7ulmanos). O mu\u00e7ulmano nesse m\u00eas deve <strong>deixar de comer, beber qualquer tipo de l\u00edquido, fumar<\/strong> (que \u00e9 proibido no Islam, mas se o mu\u00e7ulmano fuma, ele deve deixar de fumar pelo menos no Ramadan, assim como a <strong>bebida\u00a0alco\u00f3lica e qualquer ato il\u00edcito<\/strong>) <strong>e ter rela\u00e7\u00f5es sexuais durante o nascer ao p\u00f4r do sol.<\/strong><\/p>\n<p>&nbsp;<\/p>\n<p style=\"text-align: justify;\"><strong>Nada pode passar pela garganta, e o jejum vai ainda mais al\u00e9m, nesse per\u00edodo o mu\u00e7ulmano deve se abster de maus h\u00e1bitos, palavras ruins, ofensas, brigas, mentiras.<\/strong><\/p>\n<p>&nbsp;<\/p>\n<p style=\"text-align: justify;\"><strong>O mu\u00e7ulmano n\u00e3o jejua para sofrer<\/strong>, mas sim, jejua para dar valor a coisas t\u00e3o \u00fateis, mas que as vezes passam despercebidas com a correria do dia-a-dia, como a \u00e1gua. \u00c9 no Ramadan que o mu\u00e7ulmano aprende a <strong>dar valor a tudo o que ele tem<\/strong>, e ver a dor das pessoas que passam fome, ou que n\u00e3o tem o que ele tem. O <strong>Ramadan<\/strong> faz o mu\u00e7ulmano <strong>ser humilde<\/strong> para com os outros e <strong>agradecido a Deus por tudo o que tem<\/strong>.<\/p>\n<p>&nbsp;<\/p>\n<p style=\"text-align: justify;\">Todo mu\u00e7ulmano que disp\u00f5e de boa sa\u00fade, deve jejuar, os que est\u00e3o <strong>isentos desse pilar do islam s\u00e3o<\/strong>:<em> crian\u00e7as, doentes, gr\u00e1vidas, mulheres no per\u00edodo menstrual, mulheres quando est\u00e3o amamentando, idosos e pessoas que est\u00e3o viajando. <\/em>Mas devem repor o jejum assim que sentir melhor ou alimentando um necessitado por cada dia n\u00e3o jejuado, claro se tiver condi\u00e7\u00f5es financeiras. As Crian\u00e7as que n\u00e3o jejuam n\u00e3o precisam pagar o prato de comida, elas apenas aprendem como jejuar e olham seus pais, para que quando atinjam a puberdade passem a jejuar.<\/p>\n<p>[\/vc_column_text][vc_empty_space][\/vc_column][vc_column width=&#8221;1\/3&#8243;][vc_empty_space][vc_empty_space][vc_column_text][\/vc_column_text][vc_column_text]<img loading=\"lazy\" decoding=\"async\" class=\"wp-image-1328 aligncenter\" src=\"https:\/\/islamparatodos.com.br\/portal\/wp-content\/uploads\/2016\/08\/jejum-300x235.jpg\" alt=\"jejum\" width=\"394\" height=\"309\" \/>[\/vc_column_text][\/vc_column][\/vc_row][vc_row row_type=&#8221;row&#8221; use_row_as_full_screen_section=&#8221;no&#8221; type=&#8221;full_width&#8221; angled_section=&#8221;no&#8221; text_align=&#8221;left&#8221; background_image_as_pattern=&#8221;without_pattern&#8221; css_animation=&#8221;&#8221;][vc_column width=&#8221;2\/3&#8243;][vc_column_text]<\/p>\n<h2 style=\"text-align: center;\">5 &#8211; Hajj (Peregrina\u00e7\u00e3o)<\/h2>\n<p>[\/vc_column_text][vc_empty_space][vc_column_text]<\/p>\n<p style=\"text-align: justify;\">O quinto \u00e9 <strong>\u00faltimo pilar \u00e9 a peregrina\u00e7\u00e3o a Caaba<\/strong> (primeira casa de adora\u00e7\u00e3o a Deus, constru\u00edda por Abra\u00e3o e seu filho Ismael, que fica em Meca, na Ar\u00e1bia Saudita.<\/p>\n<p>&nbsp;<\/p>\n<p style=\"text-align: justify;\"><strong>O hajj deve ser feito por todo mu\u00e7ulmano que tem condi\u00e7\u00f5es mentais, f\u00edsicas e financeiras ao menos uma vez na vida.<\/strong><\/p>\n<p>&nbsp;<\/p>\n<p style=\"text-align: justify;\">O mu\u00e7ulmano vai a Meca com a inten\u00e7\u00e3o exclusivamente de <strong>adorar a Deu<\/strong>s. Milh\u00f5es de mu\u00e7ulmanos se re\u00fanem anualmente para ir <strong>adorar a um Deus Uno,<\/strong> <strong>sem distin\u00e7\u00e3o de cor, pa\u00eds e classe social, vestindo-se da mesma forma<\/strong>.<\/p>\n<p>&nbsp;<\/p>\n<p style=\"text-align: justify;\">O\u00a0<strong><em>Hajj<\/em> <\/strong>s\u00f3 pode ser efetuada uma vez por ano, entre o oitavo e o d\u00e9cimo dia do m\u00eas de\u00a0<em>Dhu al-Hijja<\/em>, o \u00faltimo m\u00eas do\u00a0calend\u00e1rio isl\u00e2mico.Se a peregrina\u00e7\u00e3o a Meca ocorrer noutra altura do ano ser\u00e1 chamada de\u00a0<em>Umrah<\/em>; \u00e9 considerada uma boa a\u00e7\u00e3o, mas n\u00e3o substitui o\u00a0<em>Hajj<\/em>. A\u00a0<em>Umrah<\/em> \u00e9 tamb\u00e9m conhecida como a \u201cperegrina\u00e7\u00e3o menor\u201d. Difere em rela\u00e7\u00e3o ao\u00a0<em>Hajj<\/em> ao n\u00edvel dos ritos: a\u00a0<em>Umra<\/em> inclui apenas os ritos realizados na Grande Mesquita de Meca<\/p>\n<p>\u00a0[\/vc_column_text][vc_empty_space][\/vc_column][vc_column width=&#8221;1\/3&#8243;][vc_empty_space][vc_empty_space][vc_column_text][\/vc_column_text][vc_column_text]<img loading=\"lazy\" decoding=\"async\" class=\"wp-image-1329 aligncenter\" src=\"https:\/\/islamparatodos.com.br\/portal\/wp-content\/uploads\/2016\/08\/hajj-2-300x224.gif\" alt=\"hajj\" width=\"434\" height=\"324\" \/>[\/vc_column_text][\/vc_column][\/vc_row]<\/p>\n","protected":false},"excerpt":{"rendered":"<p>[vc_row row_type=&#8221;row&#8221; use_row_as_full_screen_section=&#8221;no&#8221; type=&#8221;full_width&#8221; angled_section=&#8221;no&#8221; text_align=&#8221;left&#8221; background_image_as_pattern=&#8221;without_pattern&#8221; css_animation=&#8221;&#8221;][vc_column width=&#8221;2\/3&#8243;][vc_column_text] 1 &#8211; SHAHADA (Testemunho de F\u00e9) [\/vc_column_text][vc_empty_space][vc_column_text] A Shahada nada mais \u00e9 que o testemunho,ou seja testemunhar que: N\u00e3o h\u00e1 outra Divindade al\u00e9m de Allah(Deus) e\u00a0Muhammad \u00e9 Seu mensageiro. Esse pequeno testemunho \u00e9 a chave para&#8230;<\/p>\n","protected":false},"author":1,"featured_media":0,"parent":0,"menu_order":0,"comment_status":"closed","ping_status":"closed","template":"","meta":{"footnotes":""},"_links":{"self":[{"href":"https:\/\/islamparatodos.com.br\/portal\/wp-json\/wp\/v2\/pages\/1302"}],"collection":[{"href":"https:\/\/islamparatodos.com.br\/portal\/wp-json\/wp\/v2\/pages"}],"about":[{"href":"https:\/\/islamparatodos.com.br\/portal\/wp-json\/wp\/v2\/types\/page"}],"author":[{"embeddable":true,"href":"https:\/\/islamparatodos.com.br\/portal\/wp-json\/wp\/v2\/users\/1"}],"replies":[{"embeddable":true,"href":"https:\/\/islamparatodos.com.br\/portal\/wp-json\/wp\/v2\/comments?post=1302"}],"version-history":[{"count":1,"href":"https:\/\/islamparatodos.com.br\/portal\/wp-json\/wp\/v2\/pages\/1302\/revisions"}],"predecessor-version":[{"id":1746,"href":"https:\/\/islamparatodos.com.br\/portal\/wp-json\/wp\/v2\/pages\/1302\/revisions\/1746"}],"wp:attachment":[{"href":"https:\/\/islamparatodos.com.br\/portal\/wp-json\/wp\/v2\/media?parent=1302"}],"curies":[{"name":"wp","href":"https:\/\/api.w.org\/{rel}","templated":true}]}}