{"id":1331,"date":"2024-02-06T14:08:05","date_gmt":"2024-02-06T17:08:05","guid":{"rendered":"http:\/\/islamparatodos.com.br\/portal\/?page_id=1331"},"modified":"2024-02-06T14:08:05","modified_gmt":"2024-02-06T17:08:05","slug":"os-6-pilares-da-fe","status":"publish","type":"page","link":"https:\/\/islamparatodos.com.br\/portal\/os-6-pilares-da-fe\/","title":{"rendered":"OS 6 PILARES DA F\u00c9"},"content":{"rendered":"<p>[vc_row row_type=&#8221;row&#8221; use_row_as_full_screen_section=&#8221;no&#8221; type=&#8221;full_width&#8221; angled_section=&#8221;no&#8221; text_align=&#8221;left&#8221; background_image_as_pattern=&#8221;without_pattern&#8221; css_animation=&#8221;&#8221;][vc_column width=&#8221;1\/2&#8243;][vc_column_text]<\/p>\n<h2 style=\"text-align: center;\">1 \u2013 A cren\u00e7a em Deus<\/h2>\n<p>[\/vc_column_text][vc_empty_space][vc_column_text]<\/p>\n<p style=\"text-align: justify;\">O primeiro pilar n\u00e3o poderia ser diferente, <strong>a cren\u00e7a no Todo-Poderoso.<\/strong> <strong>Acreditar em Deus acima de tudo<\/strong> \u00e9 o primeiro e mais importante. E n\u00e3o \u00e9 s\u00f3 a cren\u00e7a em Deus sozinho, mas na maneira como Ele \u00e9 descrito atrav\u00e9s do Alcor\u00e3o e dos hadiths do Profeta Muhammad.<\/p>\n<p>[\/vc_column_text][vc_empty_space][vc_column_text]<\/p>\n<h2 style=\"text-align: center;\">2 \u2013 A cren\u00e7a nos Seus Anjos<\/h2>\n<p>[\/vc_column_text][vc_empty_space][vc_column_text]<\/p>\n<p style=\"text-align: justify;\">O segundo pilar da f\u00e9 \u00e9 a <strong>cren\u00e7a nos anjos de Deus<\/strong>. <strong>Os anjos s\u00e3o\u00a0mensageiros de Deus.<\/strong> Eles n\u00e3o s\u00e3o seus filhos como alguns podem pensar. Eles foram criados a partir da luz e foram criados, antes do ser humano, com a finalidade de adorarem \u00e0 Deus. Eles tamb\u00e9m podem aparecer na forma de um homem se assim for ordenado para que fa\u00e7am isso. Alguns dos nomes dos anjos, que conhecemos, s\u00e3o Jibr\u0101\u2019\u012bl, Mika\u2019il, Israfil e Malik. Eles t\u00eam muitos postos de trabalho, tais como guardi\u00e3es, porteiros etrompetistas.<\/p>\n<p>[\/vc_column_text][vc_empty_space][vc_column_text]<\/p>\n<h2 style=\"text-align: center;\">3 \u2013 Acreditar nos Seus Mensageiros<\/h2>\n<p>[\/vc_column_text][vc_empty_space][vc_column_text]<\/p>\n<p style=\"text-align: justify;\">O terceiro pilar \u00e9 a <strong>cren\u00e7a nos mensageiros de Deus<\/strong>. <strong>25 profetas<\/strong> foram mencionado no <strong>Alcor\u00e3o.<\/strong> Estes profetas s\u00e3o: Adam (Ad\u00e3o), Idris (Enoque), Nuh (No\u00e9), Hud (\u00c9ber), Saleh (Sel\u00e1), Ibrahim (Abra\u00e3o), Lut (L\u00f3), Ismail (Ismael), Ishaq (Isaque), Yaqub (Jac\u00f3), Yusuf (Jos\u00e9), Ayub (J\u00f3), Shoaib (Jetro), Musa (Mois\u00e9s), Harun (Ar\u00e3o), Zulkifl (Ezequiel), Daud (Davi), Sulayman (Salom\u00e3o), Ilyas (Elias), Al-Yasa (Eliseu), Yunus (Jonas), Zakariya (Zacarias), Yahya (Jo\u00e3o Batista), Isa (Jesus) e Muhammad. Diz-se que existem in\u00fameros outros. <strong>Muhammad \u00e9 o \u00faltimo Profeta<\/strong> e n\u00e3o haver\u00e1 nenhum depois dele. \u00c9 dever dos mu\u00e7ulmanos enviar s\u00faplicas (a paz e\u00a0B\u00ean\u00e7\u00e3os de Deus) quando citam os nomes de qualquer um dos profetas.<\/p>\n<p>[\/vc_column_text][vc_empty_space][\/vc_column][vc_column width=&#8221;1\/2&#8243;][vc_column_text]<\/p>\n<h2 style=\"text-align: center;\">4 \u2013 Acreditar nos Seus Livros<\/h2>\n<p>[\/vc_column_text][vc_empty_space][vc_column_text]<\/p>\n<p style=\"text-align: justify;\">O quarto pilar da f\u00e9 \u00e9 a <strong>cren\u00e7a nos livros de Deus<\/strong>. \u00c9 a cren\u00e7a de que no momento em que estes livros foram enviados para Terra eles realmente eram uma\u00a0mensagem de Deus. O \u00fanico livro que restou em sua totalidade \u00e9 o <strong>Alcor\u00e3o, porque\u00a0\u00e9 a \u00faltima revela\u00e7\u00e3o Deus para a humanidade<\/strong>. H\u00e1 quatro livros conhecidos pelo homem que s\u00e3o o Tor\u00e1 (Torah) enviado juntamente com o Profeta Musa (Mois\u00e9s), os\u00a0Salmos (Zaboor) enviados juntamente com o Profeta Dawud (David), o<strong> Evangelho<\/strong> (Injeel) enviado com o Profeta Isa (Jesus) e o Alcor\u00e3o\u00a0enviado com o Profeta Muhammad. N\u00f3s, como os mu\u00e7ulmanos devemos acreditar em todos esses livros e n\u00e3o apenas o Alcor\u00e3o. Por\u00e9m como a adultera\u00e7\u00e3o dos livros anteriores, apenas o Alcor\u00e3o deve ser fonte de conhecimento religioso nos tempos atuais.<\/p>\n<p>[\/vc_column_text][vc_empty_space][vc_column_text]<\/p>\n<h2 style=\"text-align: center;\">5 \u2013 A cren\u00e7a no Dia do Ju\u00edzo Final<\/h2>\n<p>[\/vc_column_text][vc_empty_space][vc_column_text]<\/p>\n<p style=\"text-align: justify;\">O quinto pilar da f\u00e9 \u00e9 a <strong>cren\u00e7a no Dia do Ju\u00edzo Final.<\/strong> Este \u00e9 o Dia em que todos seremos respons\u00e1veis por todas as nossas a\u00e7\u00f5es; boas ou ruins, grandes ou pequenas. Em nossas vidas, precisamos acreditar que tudo o que fazemos ter\u00e1 <strong>influ\u00eancia sobre o Dia do Ju\u00edzo Final<\/strong>. Ningu\u00e9m, mas Deus sabe quando esse dia vai chegar, por isso cabe a n\u00f3s viver cada dia como se fosse o nosso \u00faltimo.<\/p>\n<p>[\/vc_column_text][vc_empty_space][vc_column_text]<\/p>\n<h2 style=\"text-align: center;\">6 \u2013 A cren\u00e7a em Al-Qadar (Predestina\u00e7\u00e3o)<\/h2>\n<p>[\/vc_column_text][vc_empty_space][vc_column_text]<\/p>\n<p style=\"text-align: justify;\">O \u00faltimo pilar da f\u00e9 \u00e9 a<strong> cren\u00e7a na predestina\u00e7\u00e3o.<\/strong> O que isto significa \u00e9\u00a0que tudo em nossas vidas j\u00e1 est\u00e1 escrito. <strong>\u00c9 nosso dever saber que tudo o que Deus quiser vai ocorrer.<\/strong> Tamb\u00e9m que Ele \u00e9 o criador de tudo, incluindo nossos atos. Deus conhece o nosso passado, presente e futuro. Nossas vidas est\u00e3o definidas, mas isso n\u00e3o significa que n\u00f3s n\u00e3o devemos nos esfor\u00e7amos em dire\u00e7\u00e3o \u00e0 perfei\u00e7\u00e3o, afinal, Deus sabe de tudo que ir\u00e1 acontecer conosco mas n\u00f3s n\u00e3o sabemos e as escolhas do dia a dia s\u00e3o feitas por n\u00f3s.<\/p>\n<p>[\/vc_column_text][vc_empty_space][vc_empty_space][\/vc_column][\/vc_row][vc_row row_type=&#8221;row&#8221; use_row_as_full_screen_section=&#8221;no&#8221; type=&#8221;full_width&#8221; angled_section=&#8221;no&#8221; text_align=&#8221;left&#8221; background_image_as_pattern=&#8221;without_pattern&#8221; css_animation=&#8221;&#8221;][vc_column][vc_column_text]<strong>Esses pilares s\u00e3o os princ\u00edpios de nossa f\u00e9 como mu\u00e7ulmanos<\/strong>, considerando o\u00a0fato de que os pilares do Islam s\u00e3o a nossa funda\u00e7\u00e3o. Tendo a cren\u00e7a em tudo\u00a0isso significa que voc\u00ea entender\u00e1 o Islam e em que a compreens\u00e3o do Islam, sua f\u00e9 ser\u00e1 verdadeira.[\/vc_column_text][vc_empty_space][vc_column_text]<\/p>\n<pre>Fonte:\u00a0<a href=\"http:\/\/theislamicummah.weebly.com\/the-6-pillars-of-faith.html\">http:\/\/theislamicummah.weebly.com\/the-6-pillars-of-faith.html<\/a><\/pre>\n<p>[\/vc_column_text][vc_empty_space][\/vc_column][vc_column][\/vc_column][\/vc_row]<\/p>\n","protected":false},"excerpt":{"rendered":"<p>[vc_row row_type=&#8221;row&#8221; use_row_as_full_screen_section=&#8221;no&#8221; type=&#8221;full_width&#8221; angled_section=&#8221;no&#8221; text_align=&#8221;left&#8221; background_image_as_pattern=&#8221;without_pattern&#8221; css_animation=&#8221;&#8221;][vc_column width=&#8221;1\/2&#8243;][vc_column_text] 1 \u2013 A cren\u00e7a em Deus [\/vc_column_text][vc_empty_space][vc_column_text] O primeiro pilar n\u00e3o poderia ser diferente, a cren\u00e7a no Todo-Poderoso. Acreditar em Deus acima de tudo \u00e9 o primeiro e mais importante. E n\u00e3o \u00e9 s\u00f3 a cren\u00e7a&#8230;<\/p>\n","protected":false},"author":1,"featured_media":0,"parent":0,"menu_order":0,"comment_status":"closed","ping_status":"closed","template":"","meta":{"footnotes":""},"_links":{"self":[{"href":"https:\/\/islamparatodos.com.br\/portal\/wp-json\/wp\/v2\/pages\/1331"}],"collection":[{"href":"https:\/\/islamparatodos.com.br\/portal\/wp-json\/wp\/v2\/pages"}],"about":[{"href":"https:\/\/islamparatodos.com.br\/portal\/wp-json\/wp\/v2\/types\/page"}],"author":[{"embeddable":true,"href":"https:\/\/islamparatodos.com.br\/portal\/wp-json\/wp\/v2\/users\/1"}],"replies":[{"embeddable":true,"href":"https:\/\/islamparatodos.com.br\/portal\/wp-json\/wp\/v2\/comments?post=1331"}],"version-history":[{"count":1,"href":"https:\/\/islamparatodos.com.br\/portal\/wp-json\/wp\/v2\/pages\/1331\/revisions"}],"predecessor-version":[{"id":1747,"href":"https:\/\/islamparatodos.com.br\/portal\/wp-json\/wp\/v2\/pages\/1331\/revisions\/1747"}],"wp:attachment":[{"href":"https:\/\/islamparatodos.com.br\/portal\/wp-json\/wp\/v2\/media?parent=1331"}],"curies":[{"name":"wp","href":"https:\/\/api.w.org\/{rel}","templated":true}]}}