{"id":1565,"date":"2024-02-06T14:08:05","date_gmt":"2024-02-06T17:08:05","guid":{"rendered":"http:\/\/islamparatodos.com.br\/portal\/?page_id=1565"},"modified":"2024-02-06T14:08:05","modified_gmt":"2024-02-06T17:08:05","slug":"tenho-medo-de-fazer-circuncisao","status":"publish","type":"page","link":"https:\/\/islamparatodos.com.br\/portal\/tenho-medo-de-fazer-circuncisao\/","title":{"rendered":"TENHO MEDO DE FAZER CIRCUNCIS\u00c3O"},"content":{"rendered":"<p>[vc_row row_type=&#8221;row&#8221; use_row_as_full_screen_section=&#8221;no&#8221; type=&#8221;full_width&#8221; angled_section=&#8221;no&#8221; text_align=&#8221;left&#8221; background_image_as_pattern=&#8221;without_pattern&#8221; css_animation=&#8221;&#8221;][vc_column width=&#8221;1\/2&#8243;][vc_empty_space][vc_column_text]<img loading=\"lazy\" decoding=\"async\" class=\"wp-image-1567 aligncenter\" src=\"https:\/\/islamparatodos.com.br\/portal\/wp-content\/uploads\/2016\/08\/pai-mu\u00e7ulmano-300x200.jpg\" alt=\"pai-mu\u00e7ulmano\" width=\"338\" height=\"225\" \/>[\/vc_column_text][\/vc_column][vc_column width=&#8221;1\/2&#8243;][vc_column_text]<\/p>\n<h3 style=\"text-align: center;\"><strong>A CIRCUNCIS\u00c3O N\u00c3O \u00c9 OBRIGAT\u00d3RIA PARA QUEM QUER SER MU\u00c7ULMANO<\/strong><\/h3>\n<p>[\/vc_column_text][vc_empty_space][vc_column_text]<\/p>\n<p style=\"text-align: justify;\"><span id=\"result_box\" class=\"\" lang=\"pt\"><span title=\"This is something which people shouldn't worry or get scared about.\">Isso \u00e9 algo que os homem que querem ser mu\u00e7ulmanos n\u00e3o devem se preocupar ou ficar com medo. <\/span><span title=\"This is only an optional choice which you can decide later on.\">A <strong>circuncis\u00e3o \u00e9 uma escolha<\/strong>, que pode ser feita em qualquer tempo. \u00c9 importante saber que a c<\/span><span title=\"Circumcision does not make somebody a muslim, neither does it make somebody a non muslim.\">ircuncis\u00e3o n\u00e3o \u00e9 condi\u00e7\u00e3o para ser mu\u00e7ulmano, ali\u00e1s, a circuncis\u00e3o, n\u00e3o faz de algu\u00e9m um mu\u00e7ulmano. <\/span><span title=\"It is only a procedure of cleanliness which you right want to do to keep yourself clean. \">\u00c9 apenas um procedimento de limpeza que voc\u00ea opta para se manter limpo.<br \/>\n<\/span><\/span><\/p>\n<p>&nbsp;<\/p>\n<p style=\"text-align: justify;\"><span id=\"result_box\" class=\"\" lang=\"pt\"><span title=\"When a man urinates, some of the urine gets trapped on the foreskin.\">Quando o homem urina, parte da urina fica preso no prep\u00facio. <\/span><span title=\"It is his duty to clean it with water.\">\u00c9 seu dever limp\u00e1-lo com \u00e1gua. <\/span><span title=\"The foreskin traps smega, which is a smelly chesse-like substance on the foreskin.\">Se n\u00e3o limpar, ter\u00e1 mau cheiro e poder\u00e1 o<\/span><span title=\"If it is left like that, infection will occur, thus making the foreskin swollen. \">correr infec\u00e7\u00e3o, e o prep\u00facio ir\u00e1 inchar.<\/span><\/span><\/p>\n<p>&nbsp;<\/p>\n<p style=\"text-align: justify;\"><span id=\"result_box\" class=\"\" lang=\"pt\"><span title=\"You must understand that Islam stresses on cleanliness and circumcision is one of the ways to preserve cleanliness.\">Voc\u00ea deve entender que o <strong>Islam insiste na limpez<\/strong>a e a <strong>circuncis\u00e3o<\/strong> \u00e9 uma das formas de <strong>preservar a limpez<\/strong>a. <\/span><span title=\"But if you can make sure your foreskin is clean by frequent washing, then circumcision is not necessary for you. \">Mas isso \u00e9 opcional para quem converte ao ISLAM. No entanto, quem n\u00e3o o faz deve se assegurar da limpeza sob essa parte.<\/span><\/span><\/p>\n<p style=\"text-align: justify;\"><strong>Aos nascidos mu\u00e7ulmanos, a circuncis\u00e3o \u00e9 feita quando ainda beb\u00ea. Prevenindo assim algumas doen\u00e7as e facilitando a limpeza.<\/strong><\/p>\n<p>[\/vc_column_text][vc_empty_space][\/vc_column][\/vc_row]<\/p>\n","protected":false},"excerpt":{"rendered":"<p>[vc_row row_type=&#8221;row&#8221; use_row_as_full_screen_section=&#8221;no&#8221; type=&#8221;full_width&#8221; angled_section=&#8221;no&#8221; text_align=&#8221;left&#8221; background_image_as_pattern=&#8221;without_pattern&#8221; css_animation=&#8221;&#8221;][vc_column width=&#8221;1\/2&#8243;][vc_empty_space][vc_column_text][\/vc_column_text][\/vc_column][vc_column width=&#8221;1\/2&#8243;][vc_column_text] A CIRCUNCIS\u00c3O N\u00c3O \u00c9 OBRIGAT\u00d3RIA PARA QUEM QUER SER MU\u00c7ULMANO [\/vc_column_text][vc_empty_space][vc_column_text] Isso \u00e9 algo que os homem que querem ser mu\u00e7ulmanos n\u00e3o devem se preocupar ou ficar com medo. A circuncis\u00e3o \u00e9 uma escolha, que&#8230;<\/p>\n","protected":false},"author":1,"featured_media":0,"parent":0,"menu_order":0,"comment_status":"closed","ping_status":"closed","template":"","meta":{"footnotes":""},"_links":{"self":[{"href":"https:\/\/islamparatodos.com.br\/portal\/wp-json\/wp\/v2\/pages\/1565"}],"collection":[{"href":"https:\/\/islamparatodos.com.br\/portal\/wp-json\/wp\/v2\/pages"}],"about":[{"href":"https:\/\/islamparatodos.com.br\/portal\/wp-json\/wp\/v2\/types\/page"}],"author":[{"embeddable":true,"href":"https:\/\/islamparatodos.com.br\/portal\/wp-json\/wp\/v2\/users\/1"}],"replies":[{"embeddable":true,"href":"https:\/\/islamparatodos.com.br\/portal\/wp-json\/wp\/v2\/comments?post=1565"}],"version-history":[{"count":1,"href":"https:\/\/islamparatodos.com.br\/portal\/wp-json\/wp\/v2\/pages\/1565\/revisions"}],"predecessor-version":[{"id":1753,"href":"https:\/\/islamparatodos.com.br\/portal\/wp-json\/wp\/v2\/pages\/1565\/revisions\/1753"}],"wp:attachment":[{"href":"https:\/\/islamparatodos.com.br\/portal\/wp-json\/wp\/v2\/media?parent=1565"}],"curies":[{"name":"wp","href":"https:\/\/api.w.org\/{rel}","templated":true}]}}