{"id":1572,"date":"2024-02-06T14:07:52","date_gmt":"2024-02-06T17:07:52","guid":{"rendered":"http:\/\/islamparatodos.com.br\/portal\/?page_id=1572"},"modified":"2024-02-06T14:07:52","modified_gmt":"2024-02-06T17:07:52","slug":"nao-sei-falar-arabe","status":"publish","type":"page","link":"https:\/\/islamparatodos.com.br\/portal\/nao-sei-falar-arabe\/","title":{"rendered":"N\u00c3O SEI FALAR \u00c1RABE"},"content":{"rendered":"<p>[vc_row row_type=&#8221;row&#8221; use_row_as_full_screen_section=&#8221;no&#8221; type=&#8221;full_width&#8221; angled_section=&#8221;no&#8221; text_align=&#8221;left&#8221; background_image_as_pattern=&#8221;without_pattern&#8221; css_animation=&#8221;&#8221;][vc_column][vc_column_text]<\/p>\n<h3 style=\"text-align: center;\"><strong>VOC\u00ca N\u00c3O PRECISA SABER \u00c1RABE PARA CONVERTER AO ISLAM<\/strong><\/h3>\n<p>[\/vc_column_text][vc_empty_space][vc_column_text]Voc\u00ea n\u00e3o precisa se preocupar com isso.<\/p>\n<p style=\"text-align: justify;\">A l\u00edngua \u00e1rabe foi escolhida por Deus para ser uma l\u00edngua internacional entre os mu\u00e7ulmanos. O Alcor\u00e3o original veio para a humanidade no idioma \u00e1rabe. Isso significa que, devemos aprender e apreciar isso. Deus escolheu um l\u00edder \u00e1rabe para os mu\u00e7ulmanos, por tanto, quando aprendemos esse idioma, encontramos a essencia original da religi\u00e3o do ISLAM, fazendo com que possamos entender ainda mais a imensa miseric\u00f3rdia de Deus pela Humanidade.<\/p>\n<p>&nbsp;<\/p>\n<p style=\"text-align: justify;\">Ao estudarmos, ou simplesmente lermos uma tradu\u00e7\u00e3o do Nobre Alcor\u00e3o, podemos entender e compreender o que lemos, mas n\u00e3o alcan\u00e7amos o verdadeiro sentido de cada palavra. Isso se deve a riqueza enorme que a\u00a0 l\u00edngua \u00e1rabe tem em seu idioma.<\/p>\n<p>&nbsp;<\/p>\n<p style=\"text-align: justify;\">Mas isso n\u00e3o significa que para ser mu\u00e7ulmano, precisa saber \u00e1rabe! N\u00e3o! Saber \u00e1rabe, \u00e9 algo natural para os que estudam a religi\u00e3o, e ali\u00e1s, estudar a religi\u00e3o, \u00e9 uma obriga\u00e7\u00e3o para todo mu\u00e7ulmano, durante toda a sua vida.<\/p>\n<p>&nbsp;<\/p>\n<p style=\"text-align: justify;\">Se voc\u00ea aprender \u00e1rabe, muito bem! Ser\u00e1 \u00f3timo! Se voc\u00ea n\u00e3o aprender \u00e1rabe, ainda assim encontrar\u00e1 muito material ao seu alcance, bem como a tradu\u00e7\u00e3o do Nobre Alcor\u00e3o em qualquer parte do mundo.<\/p>\n<p>[\/vc_column_text][vc_empty_space][\/vc_column][\/vc_row]<\/p>\n","protected":false},"excerpt":{"rendered":"<p>[vc_row row_type=&#8221;row&#8221; use_row_as_full_screen_section=&#8221;no&#8221; type=&#8221;full_width&#8221; angled_section=&#8221;no&#8221; text_align=&#8221;left&#8221; background_image_as_pattern=&#8221;without_pattern&#8221; css_animation=&#8221;&#8221;][vc_column][vc_column_text] VOC\u00ca N\u00c3O PRECISA SABER \u00c1RABE PARA CONVERTER AO ISLAM [\/vc_column_text][vc_empty_space][vc_column_text]Voc\u00ea n\u00e3o precisa se preocupar com isso. A l\u00edngua \u00e1rabe foi escolhida por Deus para ser uma l\u00edngua internacional entre os mu\u00e7ulmanos. O Alcor\u00e3o original veio para a&#8230;<\/p>\n","protected":false},"author":1,"featured_media":0,"parent":0,"menu_order":0,"comment_status":"closed","ping_status":"closed","template":"","meta":{"footnotes":""},"_links":{"self":[{"href":"https:\/\/islamparatodos.com.br\/portal\/wp-json\/wp\/v2\/pages\/1572"}],"collection":[{"href":"https:\/\/islamparatodos.com.br\/portal\/wp-json\/wp\/v2\/pages"}],"about":[{"href":"https:\/\/islamparatodos.com.br\/portal\/wp-json\/wp\/v2\/types\/page"}],"author":[{"embeddable":true,"href":"https:\/\/islamparatodos.com.br\/portal\/wp-json\/wp\/v2\/users\/1"}],"replies":[{"embeddable":true,"href":"https:\/\/islamparatodos.com.br\/portal\/wp-json\/wp\/v2\/comments?post=1572"}],"version-history":[{"count":1,"href":"https:\/\/islamparatodos.com.br\/portal\/wp-json\/wp\/v2\/pages\/1572\/revisions"}],"predecessor-version":[{"id":1742,"href":"https:\/\/islamparatodos.com.br\/portal\/wp-json\/wp\/v2\/pages\/1572\/revisions\/1742"}],"wp:attachment":[{"href":"https:\/\/islamparatodos.com.br\/portal\/wp-json\/wp\/v2\/media?parent=1572"}],"curies":[{"name":"wp","href":"https:\/\/api.w.org\/{rel}","templated":true}]}}