{"id":1576,"date":"2024-02-06T14:08:05","date_gmt":"2024-02-06T17:08:05","guid":{"rendered":"http:\/\/islamparatodos.com.br\/portal\/?page_id=1576"},"modified":"2024-02-06T14:08:05","modified_gmt":"2024-02-06T17:08:05","slug":"pressao-dos-pais-e-da-sociedade","status":"publish","type":"page","link":"https:\/\/islamparatodos.com.br\/portal\/pressao-dos-pais-e-da-sociedade\/","title":{"rendered":"PRESS\u00c3O DOS PAIS E DA SOCIEDADE"},"content":{"rendered":"<p>[vc_row row_type=&#8221;row&#8221; use_row_as_full_screen_section=&#8221;no&#8221; type=&#8221;full_width&#8221; angled_section=&#8221;no&#8221; text_align=&#8221;left&#8221; background_image_as_pattern=&#8221;without_pattern&#8221; css_animation=&#8221;&#8221;][vc_column width=&#8221;1\/2&#8243;][vc_column_text]<\/p>\n<h3 style=\"text-align: center;\"><strong>SOFRER PRESS\u00c3O POR QUALQUER RAZ\u00c3O \u00c9 MUITO COMUM<\/strong><\/h3>\n<p>[\/vc_column_text][vc_empty_space][vc_column_text]Sim, sofrer press\u00e3o por parte dos pais, dos amigos e da sociedade \u00e9 muito comum. Mas o que queremos \u00e9 a verdade. A maioria das pessoas querem que seguimos os caminhos deles, seja bom ou ruim. E nos rejeitam, quando rejeitamos segu\u00ed-los.<\/p>\n<p>&nbsp;<\/p>\n<p>Mas o que voc\u00ea precisa saber, \u00e9 que voc\u00ea \u00e9 o \u00fanico respons\u00e1vel pela sua vida. Se voc\u00ea n\u00e3o tomar decis\u00f5es erradas, ningu\u00e9m sofrer\u00e1, e voc\u00ea ser\u00e1 o respons\u00e1vel por isso, bem como, ao tomar decis\u00f5es corretas, no fim, voc\u00ea ser\u00e1 o \u00fanico privilegiado. Tenha paci\u00eancia, e tome suas decis\u00f5es lentamente.<\/p>\n<p>&nbsp;<\/p>\n<p style=\"text-align: justify;\"><span id=\"result_box\" class=\"\" lang=\"pt\"><span class=\"\">Ao se <strong>tornar um mu\u00e7ulmano<\/strong>, deve ficar claro dentro de voc\u00ea, que essa foi uma <strong>escolha sua<\/strong>, e isso s\u00f3 pertence a voc\u00ea. Essa foi uma decis\u00e3o entre <strong>voc\u00ea e Deus<\/strong>. Voc\u00ea n\u00e3o precisa sair contando aos quatro cantos do mund<\/span><span class=\"\">o que voc\u00ea \u00e9 mu\u00e7ulmano<\/span><span class=\"\">, especialmente se isso pode colocar voc\u00ea em situa\u00e7\u00f5es de <strong>desaven\u00e7as dentro da sua fam\u00edlia, no seu trabalho ou na comunidade que voc\u00ea vive.<\/strong><\/span><\/span><\/p>\n<p>&nbsp;<\/p>\n<p style=\"text-align: justify;\"><strong>Ser mu\u00e7ulmano \u00e9 sempre entre voc\u00ea e Deus, e nunca entre voc\u00ea e as pessoas.<\/strong> Voc\u00ea pode ser mu\u00e7ulmano sem criar conflitos com a sua fam\u00edlia, evitando entrar em discuss\u00f5es, evitando entrar em debates que n\u00e3o levam a lugar algum.<\/p>\n<p>&nbsp;<\/p>\n<p style=\"text-align: justify;\">A press\u00e3o por parte da fam\u00edlia, trabalho e sociedade s\u00f3 surgem quando voc\u00ea se manifesta. E se voc\u00ea sabe que se manifestar, s\u00f3 causar\u00e1 atritos, ent\u00e3o reflita e decida seguir sua religi\u00e3o em sil\u00eancio.<strong> Continue estudando e praticando dentro das suas limita\u00e7\u00f5es.<\/strong><\/p>\n<p>\u00a0[\/vc_column_text][vc_empty_space][\/vc_column][vc_column width=&#8221;1\/2&#8243;][vc_empty_space][vc_column_text]<img loading=\"lazy\" decoding=\"async\" class=\"wp-image-1583 aligncenter\" src=\"https:\/\/islamparatodos.com.br\/portal\/wp-content\/uploads\/2016\/08\/mu\u00e7ulmano-islam-300x191.jpg\" alt=\"mu\u00e7ulmano-islam\" width=\"339\" height=\"216\" \/>[\/vc_column_text][\/vc_column][\/vc_row]<\/p>\n","protected":false},"excerpt":{"rendered":"<p>[vc_row row_type=&#8221;row&#8221; use_row_as_full_screen_section=&#8221;no&#8221; type=&#8221;full_width&#8221; angled_section=&#8221;no&#8221; text_align=&#8221;left&#8221; background_image_as_pattern=&#8221;without_pattern&#8221; css_animation=&#8221;&#8221;][vc_column width=&#8221;1\/2&#8243;][vc_column_text] SOFRER PRESS\u00c3O POR QUALQUER RAZ\u00c3O \u00c9 MUITO COMUM [\/vc_column_text][vc_empty_space][vc_column_text]Sim, sofrer press\u00e3o por parte dos pais, dos amigos e da sociedade \u00e9 muito comum. Mas o que queremos \u00e9 a verdade. A maioria das pessoas querem que&#8230;<\/p>\n","protected":false},"author":1,"featured_media":0,"parent":0,"menu_order":0,"comment_status":"closed","ping_status":"closed","template":"","meta":{"footnotes":""},"_links":{"self":[{"href":"https:\/\/islamparatodos.com.br\/portal\/wp-json\/wp\/v2\/pages\/1576"}],"collection":[{"href":"https:\/\/islamparatodos.com.br\/portal\/wp-json\/wp\/v2\/pages"}],"about":[{"href":"https:\/\/islamparatodos.com.br\/portal\/wp-json\/wp\/v2\/types\/page"}],"author":[{"embeddable":true,"href":"https:\/\/islamparatodos.com.br\/portal\/wp-json\/wp\/v2\/users\/1"}],"replies":[{"embeddable":true,"href":"https:\/\/islamparatodos.com.br\/portal\/wp-json\/wp\/v2\/comments?post=1576"}],"version-history":[{"count":1,"href":"https:\/\/islamparatodos.com.br\/portal\/wp-json\/wp\/v2\/pages\/1576\/revisions"}],"predecessor-version":[{"id":1718,"href":"https:\/\/islamparatodos.com.br\/portal\/wp-json\/wp\/v2\/pages\/1576\/revisions\/1718"}],"wp:attachment":[{"href":"https:\/\/islamparatodos.com.br\/portal\/wp-json\/wp\/v2\/media?parent=1576"}],"curies":[{"name":"wp","href":"https:\/\/api.w.org\/{rel}","templated":true}]}}