{"id":780,"date":"2024-02-06T14:08:05","date_gmt":"2024-02-06T17:08:05","guid":{"rendered":"http:\/\/islamparatodos.com.br\/portal\/?page_id=780"},"modified":"2024-02-06T14:08:05","modified_gmt":"2024-02-06T17:08:05","slug":"quem-somos","status":"publish","type":"page","link":"https:\/\/islamparatodos.com.br\/portal\/quem-somos\/","title":{"rendered":"Quem Somos"},"content":{"rendered":"<p>Sobre n\u00f3s<br \/>\nISLAM PARA TODOS \u00e9 um projeto criado por mu\u00e7ulmanos que buscam incansavelmente a divulga\u00e7\u00e3o da verdadeira mensagem do ISLAM.<br \/>\nSomos mu\u00e7ulmanos lutando para desmistificar o que a m\u00eddia tem divulgado implacavelmente contra mu\u00e7ulmanos de todo o Mundo.<br \/>\nO ISLAM \u00e9 uma religi\u00e3o de PAZ, e \u00e9 uma religi\u00e3o para TODOS, para pessoas de todas as na\u00e7\u00f5es, de todas as ra\u00e7as, de todos os tempos. Nossas fontes de conhecimento s\u00e3o \u00fanica e exclusivamente o Alcor\u00e3o e a Sunnah(tudo que foi enviado por Deus ao profeta Muhammad, que a paz e ben\u00e7\u00e3o estejam sobre ele).<br \/>\nISLAM PARA TODOS n\u00e3o pertence a nenhum grupo ou doutrina especial. Somos de fato MU\u00c7ULMANOS. Tamb\u00e9m n\u00e3o pertencemos e n\u00e3o temos qualquer envolvimento com movimentos ou partidos pol\u00edticos, pertencemos t\u00e3o somente \u00e0 religi\u00e3o do ISLAM.<br \/>\nSomos MU\u00c7ULMANOS nascidos e revertidos ao ISLAM, somos homens e mulheres de muitos pa\u00edses, de muitas ra\u00e7as, de idade e idiomas diferentes. Mas acima de tudo somos irm\u00e3os, unidos por um \u00fanico objetivo, divulgar a mensagem do ISLAM.<br \/>\nEstamos prontos para receber a todos, independentemente da religi\u00e3o que seguem, mas que buscam a verdade, que buscam o verdadeiro sentido da vida!<br \/>\nTamb\u00e9m estamos prontos para cooperar com outros projetos, desde que o objetivo, seja e esteja de acordo com os nossos objetivos. Mostrar o verdadeiro ISLAM.<br \/>\nSe encontrar algum erro nesse site, certamente isso \u00e9 pessoal.<br \/>\nAgradecemos qualquer cr\u00edtica, conselho ou sugest\u00e3o. BEM VINDOS!<\/p>\n","protected":false},"excerpt":{"rendered":"<p>Sobre n\u00f3s ISLAM PARA TODOS \u00e9 um projeto criado por mu\u00e7ulmanos que buscam incansavelmente a divulga\u00e7\u00e3o da verdadeira mensagem do ISLAM. Somos mu\u00e7ulmanos lutando para desmistificar o que a m\u00eddia tem divulgado implacavelmente contra mu\u00e7ulmanos de todo o Mundo. O ISLAM \u00e9 uma religi\u00e3o de&#8230;<\/p>\n","protected":false},"author":1,"featured_media":0,"parent":0,"menu_order":0,"comment_status":"closed","ping_status":"closed","template":"","meta":{"footnotes":""},"_links":{"self":[{"href":"https:\/\/islamparatodos.com.br\/portal\/wp-json\/wp\/v2\/pages\/780"}],"collection":[{"href":"https:\/\/islamparatodos.com.br\/portal\/wp-json\/wp\/v2\/pages"}],"about":[{"href":"https:\/\/islamparatodos.com.br\/portal\/wp-json\/wp\/v2\/types\/page"}],"author":[{"embeddable":true,"href":"https:\/\/islamparatodos.com.br\/portal\/wp-json\/wp\/v2\/users\/1"}],"replies":[{"embeddable":true,"href":"https:\/\/islamparatodos.com.br\/portal\/wp-json\/wp\/v2\/comments?post=780"}],"version-history":[{"count":1,"href":"https:\/\/islamparatodos.com.br\/portal\/wp-json\/wp\/v2\/pages\/780\/revisions"}],"predecessor-version":[{"id":1750,"href":"https:\/\/islamparatodos.com.br\/portal\/wp-json\/wp\/v2\/pages\/780\/revisions\/1750"}],"wp:attachment":[{"href":"https:\/\/islamparatodos.com.br\/portal\/wp-json\/wp\/v2\/media?parent=780"}],"curies":[{"name":"wp","href":"https:\/\/api.w.org\/{rel}","templated":true}]}}