{"id":782,"date":"2024-02-06T14:07:52","date_gmt":"2024-02-06T17:07:52","guid":{"rendered":"http:\/\/islamparatodos.com.br\/portal\/?page_id=782"},"modified":"2024-02-06T14:07:52","modified_gmt":"2024-02-06T17:07:52","slug":"nosso-objetivo","status":"publish","type":"page","link":"https:\/\/islamparatodos.com.br\/portal\/nosso-objetivo\/","title":{"rendered":"Nosso Objetivo"},"content":{"rendered":"<p>Nossos Objetivos:<\/p>\n<p>Mostrar a verdade a todos sobre a religi\u00e3o do ISLAM.<br \/>\nDivulgar o que a m\u00eddia n\u00e3o divulga, provar que o Alcor\u00e3o \u00e9 um livro que incentiva o bem e a justi\u00e7a entre todos; que Muhammad, que a paz e ben\u00e7\u00e3o estejam sobre ele, foi o \u00faltimo Profeta e todas as acusa\u00e7\u00f5es contra ele s\u00e3o falsas; que Jesus \u00e9 amado pelos mu\u00e7ulmanos e como todos aguardamos a volta dele. Deixar claro que o TERRORISMO n\u00e3o faz parte do ISLAM nem de religi\u00e3o alguma, mas sim, est\u00e1 nas m\u00e3os daqueles que det\u00e9m o poder de forma il\u00edcita.<br \/>\nNosso objetivo \u00e9 desmistificar as mentiras inventadas e suportadas por inimigos do ISLAM, que entre tantas inven\u00e7\u00f5es, dizem que, as mulheres mu\u00e7ulmanas s\u00e3o submissas, que n\u00e3o h\u00e1 paz no ISLAM.<br \/>\nEstamos prontos para esclarecer todas essas bobagens e outras tantas. E deixar claro de uma vez por todas, que n\u00e3o \u00e9 \u00e0 toa que o ISLAM \u00e9 a religi\u00e3o que mais cresce no mundo. Que n\u00e3o \u00e9 \u00e0 toa que a maior parte de pessoas que abra\u00e7am o ISLAM s\u00e3o MULHERES. Nosso objetivo nada mais \u00e9 que ajudar a todos a se livrarem da escravid\u00e3o que a m\u00eddia imp\u00f5e direta e indiretamente a todos. Ajudar os novos mu\u00e7ulmanos a conhecerem sua religi\u00e3o como de fato \u00e9, independente de n\u00e3o encontrarem mesquitas e outros mu\u00e7ulmanos em suas cidades.<br \/>\nEstamos prontos para auxiliar a todos que buscam e querem se manter na verdade ainda que n\u00e3o sejam mu\u00e7ulmanos. Estamos abertos a qualquer esclarecimento atrav\u00e9s do nosso canal direto e online. Clique aqui!<\/p>\n","protected":false},"excerpt":{"rendered":"<p>Nossos Objetivos: Mostrar a verdade a todos sobre a religi\u00e3o do ISLAM. Divulgar o que a m\u00eddia n\u00e3o divulga, provar que o Alcor\u00e3o \u00e9 um livro que incentiva o bem e a justi\u00e7a entre todos; que Muhammad, que a paz e ben\u00e7\u00e3o estejam sobre ele,&#8230;<\/p>\n","protected":false},"author":1,"featured_media":0,"parent":0,"menu_order":0,"comment_status":"closed","ping_status":"closed","template":"","meta":{"footnotes":""},"_links":{"self":[{"href":"https:\/\/islamparatodos.com.br\/portal\/wp-json\/wp\/v2\/pages\/782"}],"collection":[{"href":"https:\/\/islamparatodos.com.br\/portal\/wp-json\/wp\/v2\/pages"}],"about":[{"href":"https:\/\/islamparatodos.com.br\/portal\/wp-json\/wp\/v2\/types\/page"}],"author":[{"embeddable":true,"href":"https:\/\/islamparatodos.com.br\/portal\/wp-json\/wp\/v2\/users\/1"}],"replies":[{"embeddable":true,"href":"https:\/\/islamparatodos.com.br\/portal\/wp-json\/wp\/v2\/comments?post=782"}],"version-history":[{"count":1,"href":"https:\/\/islamparatodos.com.br\/portal\/wp-json\/wp\/v2\/pages\/782\/revisions"}],"predecessor-version":[{"id":1743,"href":"https:\/\/islamparatodos.com.br\/portal\/wp-json\/wp\/v2\/pages\/782\/revisions\/1743"}],"wp:attachment":[{"href":"https:\/\/islamparatodos.com.br\/portal\/wp-json\/wp\/v2\/media?parent=782"}],"curies":[{"name":"wp","href":"https:\/\/api.w.org\/{rel}","templated":true}]}}