{"id":794,"date":"2024-02-06T14:08:05","date_gmt":"2024-02-06T17:08:05","guid":{"rendered":"http:\/\/islamparatodos.com.br\/portal\/?page_id=794"},"modified":"2024-02-06T14:08:05","modified_gmt":"2024-02-06T17:08:05","slug":"quem-sao-os-muculmanos","status":"publish","type":"page","link":"https:\/\/islamparatodos.com.br\/portal\/quem-sao-os-muculmanos\/","title":{"rendered":"QUEM S\u00c3O OS MU\u00c7ULMANOS"},"content":{"rendered":"<p>[vc_row row_type=&#8221;row&#8221; use_row_as_full_screen_section=&#8221;no&#8221; type=&#8221;full_width&#8221; angled_section=&#8221;no&#8221; text_align=&#8221;left&#8221; background_image_as_pattern=&#8221;without_pattern&#8221; css_animation=&#8221;&#8221;][vc_column][vc_column_text]<\/p>\n<p style=\"text-align: justify;\">Os <strong>mu\u00e7ulmanos s\u00e3o bilh\u00f5es de pessoas<\/strong> de uma vasta <strong>classe de ra\u00e7as, nacionalidades e culturas distribu\u00eddos pelo mundo,<\/strong> desde as Filipinas at\u00e9 a Nig\u00e9ria est\u00e3o unidas pela f\u00e9 isl\u00e2mica. Aproximadamente 18% vivem no mundo \u00e1rabe; a maior comunidade isl\u00e2mica do mundo \u00e9 a Indon\u00e9sia; partes substanciais da \u00c1sia e da maior parte da \u00c1frica s\u00e3o mu\u00e7ulmanas, enquanto a minoria significativa s\u00e3o encontradas na Uni\u00e3o Sovi\u00e9tica, China, Am\u00e9rica e na Europa.<\/p>\n<p>&nbsp;<\/p>\n<p style=\"text-align: justify;\"><strong>\u00a0<\/strong><\/p>\n<p>[\/vc_column_text][vc_empty_space][\/vc_column][\/vc_row][vc_row row_type=&#8221;row&#8221; use_row_as_full_screen_section=&#8221;no&#8221; type=&#8221;full_width&#8221; angled_section=&#8221;no&#8221; text_align=&#8221;left&#8221; background_image_as_pattern=&#8221;without_pattern&#8221; css_animation=&#8221;&#8221;][vc_column][vc_column_text]<\/p>\n<p style=\"text-align: center;\"><strong>Mu\u00e7ulmano \u00e9 todo aqu<\/strong><img loading=\"lazy\" decoding=\"async\" class=\"size-medium wp-image-1341 alignleft\" src=\"https:\/\/islamparatodos.com.br\/portal\/wp-content\/uploads\/2016\/08\/10665127_867286073289293_3219001042949247853_n-300x300.jpg\" alt=\"10665127_867286073289293_3219001042949247853_n\" width=\"300\" height=\"300\" \/><strong>ele que se submete a Deus, de livre e espont\u00e2nea vontade, um Mu\u00e7ulmano vive em paz e harmonia com toda a cria\u00e7\u00e3o, por conseguinte, um Mu\u00e7ulmano \u00e9 a pessoa que em qualquer parte do mundo fa\u00e7a com que toda a sua obedi\u00eancia, dedica\u00e7\u00e3o, e lealdade sejam para Deus.<\/strong><\/p>\n<p>[\/vc_column_text][vc_empty_space][\/vc_column][\/vc_row]<\/p>\n","protected":false},"excerpt":{"rendered":"<p>[vc_row row_type=&#8221;row&#8221; use_row_as_full_screen_section=&#8221;no&#8221; type=&#8221;full_width&#8221; angled_section=&#8221;no&#8221; text_align=&#8221;left&#8221; background_image_as_pattern=&#8221;without_pattern&#8221; css_animation=&#8221;&#8221;][vc_column][vc_column_text] Os mu\u00e7ulmanos s\u00e3o bilh\u00f5es de pessoas de uma vasta classe de ra\u00e7as, nacionalidades e culturas distribu\u00eddos pelo mundo, desde as Filipinas at\u00e9 a Nig\u00e9ria est\u00e3o unidas pela f\u00e9 isl\u00e2mica. Aproximadamente 18% vivem no mundo \u00e1rabe; a maior&#8230;<\/p>\n","protected":false},"author":1,"featured_media":0,"parent":0,"menu_order":0,"comment_status":"closed","ping_status":"closed","template":"","meta":{"footnotes":""},"_links":{"self":[{"href":"https:\/\/islamparatodos.com.br\/portal\/wp-json\/wp\/v2\/pages\/794"}],"collection":[{"href":"https:\/\/islamparatodos.com.br\/portal\/wp-json\/wp\/v2\/pages"}],"about":[{"href":"https:\/\/islamparatodos.com.br\/portal\/wp-json\/wp\/v2\/types\/page"}],"author":[{"embeddable":true,"href":"https:\/\/islamparatodos.com.br\/portal\/wp-json\/wp\/v2\/users\/1"}],"replies":[{"embeddable":true,"href":"https:\/\/islamparatodos.com.br\/portal\/wp-json\/wp\/v2\/comments?post=794"}],"version-history":[{"count":1,"href":"https:\/\/islamparatodos.com.br\/portal\/wp-json\/wp\/v2\/pages\/794\/revisions"}],"predecessor-version":[{"id":1719,"href":"https:\/\/islamparatodos.com.br\/portal\/wp-json\/wp\/v2\/pages\/794\/revisions\/1719"}],"wp:attachment":[{"href":"https:\/\/islamparatodos.com.br\/portal\/wp-json\/wp\/v2\/media?parent=794"}],"curies":[{"name":"wp","href":"https:\/\/api.w.org\/{rel}","templated":true}]}}