{"id":861,"date":"2024-02-06T14:07:51","date_gmt":"2024-02-06T17:07:51","guid":{"rendered":"http:\/\/islamparatodos.com.br\/portal\/?page_id=861"},"modified":"2024-02-06T14:07:51","modified_gmt":"2024-02-06T17:07:51","slug":"a-mulher-antes-e-depois-do-islam","status":"publish","type":"page","link":"https:\/\/islamparatodos.com.br\/portal\/a-mulher-antes-e-depois-do-islam\/","title":{"rendered":"A MULHER ANTES E DEPOIS DO ISLAM\u00a0"},"content":{"rendered":"<p>[vc_row row_type=&#8221;row&#8221; use_row_as_full_screen_section=&#8221;no&#8221; type=&#8221;grid&#8221; angled_section=&#8221;no&#8221; text_align=&#8221;left&#8221; background_image_as_pattern=&#8221;without_pattern&#8221; css_animation=&#8221;&#8221;][vc_column width=&#8221;1\/2&#8243;][vc_empty_space][vc_column_text]<\/p>\n<p style=\"text-align: justify;\">Tudo que \u00e9 o outro, que n\u00e3o faz parte da nossa realidade mais imediata, tende a nos assustar e a ser objeto de nossa rejei\u00e7\u00e3o. Rar\u00edssimas vezes nos detemos nas quest\u00f5es que nos escapam e, por isso mesmo, fazemos julgamentos apressados, superficiais, e incorporamos conceitos sempre carregados de preconceitos, porque fundamentados na ignor\u00e2ncia dos fatos.<\/p>\n<p style=\"text-align: justify;\">Nos dias atuais, onde tantas quest\u00f5es pol\u00eamicas nos s\u00e3o colocadas diariamente, onde mal temos tempo de digerir o notici\u00e1rio, tal a rapidez com que as coisas acontecem no mundo, vamos estabelecendo nossos julgamentos e entendimentos em bases que carecem de uma an\u00e1lise mais profunda.<\/p>\n<p style=\"text-align: justify;\"><strong>&#8220;Assim \u00e9 com rela\u00e7\u00e3o ao Islam, t\u00e3o incompreendido, t\u00e3o desconhecido<\/strong>.&#8221;<\/p>\n<p style=\"text-align: justify;\">Assim \u00e9 a quest\u00e3o da mulher no Islam, onde preconceitos e falsas informa\u00e7\u00f5es est\u00e3o disseminados de tal forma que ocupam o imagin\u00e1rio dos n\u00e3o mu\u00e7ulmanos, estereotipando essas mulheres, transformando-as em personagens que nunca correspondem \u00e0 realidade. Tomamos para n\u00f3s alguns conceitos, que passam a ser verdade, a nossa verdade, que sequer \u00e9 nossa, e engrossamos o rol desta vasta legi\u00e3o de meros repetidores de falsas verdades, ali\u00e1s, uma caracter\u00edstica do nosso tempo.<\/p>\n<p style=\"text-align: justify;\"><strong>&#8220;O Islam \u00e9 fanatismo. O Islam \u00e9 terrorismo. O Islam \u00e9 atraso. O Islam oprime e submete a mulher<\/strong>.&#8221;<\/p>\n<p>[\/vc_column_text][\/vc_column][vc_column width=&#8221;1\/2&#8243;][vc_empty_space][vc_column_text]<\/p>\n<div id=\"attachment_1024\" style=\"width: 310px\" class=\"wp-caption aligncenter\"><img loading=\"lazy\" decoding=\"async\" aria-describedby=\"caption-attachment-1024\" class=\"wp-image-1024 size-medium\" src=\"https:\/\/islamparatodos.com.br\/portal\/wp-content\/uploads\/2016\/08\/palestinas-300x254.jpg\" alt=\"palestinas\" width=\"300\" height=\"254\" \/><p id=\"caption-attachment-1024\" class=\"wp-caption-text\">Mulheres Mu\u00e7ulmas que s\u00e3o pilotos na Ar\u00e1bia Saudita.<\/p><\/div>\n<p>[\/vc_column_text][vc_column_text]<\/p>\n<div id=\"attachment_1025\" style=\"width: 310px\" class=\"wp-caption aligncenter\"><img loading=\"lazy\" decoding=\"async\" aria-describedby=\"caption-attachment-1025\" class=\"wp-image-1025 size-medium\" src=\"https:\/\/islamparatodos.com.br\/portal\/wp-content\/uploads\/2016\/08\/exercito-palestina-300x239.jpg\" alt=\"exercito-palestina\" width=\"300\" height=\"239\" \/><p id=\"caption-attachment-1025\" class=\"wp-caption-text\">Mulheres mu\u00e7ulmanas, membros das For\u00e7as de Seguran\u00e7a da Palestina em treinamento<\/p><\/div>\n<p>[\/vc_column_text][vc_empty_space][\/vc_column][\/vc_row][vc_row row_type=&#8221;row&#8221; use_row_as_full_screen_section=&#8221;no&#8221; type=&#8221;full_width&#8221; angled_section=&#8221;no&#8221; text_align=&#8221;center&#8221; background_image_as_pattern=&#8221;without_pattern&#8221; css_animation=&#8221;&#8221;][vc_column][vc_separator type=&#8221;normal&#8221;][vc_column_text]<\/p>\n<blockquote>\n<h2 style=\"text-align: center;\"><span style=\"color: #783636;\">MULHER X ISLAM<\/span><\/h2>\n<p>&nbsp;<\/p>\n<h5 style=\"text-align: center;\">Mas, o que \u00e9 o Islam? Como o Islam trata realmente a quest\u00e3o dos sexos?<\/h5>\n<h5 style=\"text-align: center;\">Qual \u00e9 o papel da mulher mu\u00e7ulmana numa sociedade isl\u00e2mica?<\/h5>\n<\/blockquote>\n<p>[\/vc_column_text][vc_empty_space][\/vc_column][vc_column][\/vc_column][\/vc_row][vc_row row_type=&#8221;row&#8221; use_row_as_full_screen_section=&#8221;no&#8221; type=&#8221;grid&#8221; angled_section=&#8221;no&#8221; text_align=&#8221;left&#8221; background_image_as_pattern=&#8221;without_pattern&#8221; css_animation=&#8221;&#8221;][vc_column width=&#8221;1\/2&#8243;][vc_column_text]<\/p>\n<p style=\"text-align: justify;\">Para se falar sobre a <strong>mulher no Islam<\/strong>, como ela \u00e9 vista, qual a sua fun\u00e7\u00e3o, qual o seu papel, quais os seus direitos e deveres, torna-se necess\u00e1rio comparar este mesmo papel com outras culturas, outras religi\u00f5es, quais os seus direitos e deveres, quais as suas conquistas, enfim, devemos considerar todos os aspectos, sejam sociais, polit\u00edcos, econ\u00f4micos, \u00e9ticos ou morais e n\u00e3o, simplesmente, nos determos em aspectos culturais isolados.<\/p>\n<p style=\"text-align: justify;\">Por isso, nada melhor do que enfocar a condi\u00e7\u00e3o da mulher no Islam, levando em conta essa mesma condi\u00e7\u00e3o no Ocidente, e, mais especificamente no Brasil, de tradi\u00e7\u00f5es, cultura e religi\u00e3o t\u00e3o diferentes do Oriente.<\/p>\n<p style=\"text-align: justify;\"><strong>No que a mu\u00e7ulmana \u00e9 diferente da mulher ocidental? Que valores \u00e9ticos, morais, sociais e religiosos regem essas duas mulheres? Que padr\u00f5es comportamentais fazem essas duas mulheres t\u00e3o diferentes?<\/strong><\/p>\n<p style=\"text-align: justify;\">H\u00e1 1400 anos, o Islam afirmou que a <strong>mulher \u00e9 um ser humano<\/strong>, que tem uma alma da mesma natureza que a do homem, e que ambos, homens e mulheres, gozam dos mesmos direitos. No Islam,<strong> a mulher \u00e9 um ser respons\u00e1vel e n\u00e3o pode ser desrespeitada ou discriminada em raz\u00e3o de seu sexo.<\/strong><\/p>\n<p style=\"text-align: justify;\">No ocidente, apesar dos avan\u00e7os conseguidos pelos movimentos feministas, as conquistas alcan\u00e7adas n\u00e3o representam sequer a ter\u00e7a parte do que o Islam j\u00e1 havia garantido. Sabemos que a mulher ainda \u00e9 discriminada, o maior contingente de analfabetos est\u00e1 na popula\u00e7\u00e3o feminina, ela \u00e9 v\u00edtima da viol\u00eancia, que come\u00e7a em casa, recebe um sal\u00e1rio menor para o exerc\u00edcio de fun\u00e7\u00f5es que ela executa em igualdade de condi\u00e7\u00f5es com o homem, etc.<\/p>\n<p style=\"text-align: justify;\">Em 1995, portanto h\u00e1 tr\u00eas anos atr\u00e1s, na Quarta Confer\u00eancia Mundial da Mulher, ocorrida em Pequim, os governos participantes reconheceram a p\u00e9ssima condi\u00e7\u00e3o feminina e firmaram uma Declara\u00e7\u00e3o, onde entre outros t\u00f3picos, afirmavam o seguinte:<\/p>\n<p>[\/vc_column_text][vc_empty_space][\/vc_column][vc_column width=&#8221;1\/2&#8243;][vc_column_text]<\/p>\n<p style=\"text-align: justify;\"><strong>&#8220;N\u00f3s, os governos que participamos da Quarta Confer\u00eancia Mundial da Mulher (\u2026) estamos convencidos de que: (\u2026) Os direitos da mulher s\u00e3o direitos humanos; (\u2026) A igualdade de direitos, de oportunidades e de acesso aos recursos, \u00e0 distribui\u00e7\u00e3o equitativa entre homens e mulheres das responsabilidades relativas \u00e0 fam\u00edlia \u2026 s\u00e3o indispens\u00e1veis ao seu bem-estar e ao de sua fam\u00edlia, assim como para a consolida\u00e7\u00e3o da democracia. (\u2026) A paz global, nacional e regional s\u00f3 pode ser alcan\u00e7ada com o progresso das mulheres, que s\u00e3o uma for\u00e7a fundamental de lideran\u00e7a, resolu\u00e7\u00e3o de conflitos e promo\u00e7\u00e3o de uma paz duradoura em todos os n\u00edveis.&#8221;<\/strong><\/p>\n<h5 style=\"text-align: justify;\"><\/h5>\n<p style=\"text-align: justify;\">A diferen\u00e7a b\u00e1sica entre esses dois mundos, o oriental e o ocidental, \u00e9 que o Islam, conforme revelado ao Profeta Mohammad, est\u00e1 pronto, bastando ser seguido por todos. O<strong> Islam dignifica o ser humano,<\/strong> garante direitos. Sua mensagem, ainda que dirigida inicialmente aos \u00e1rabes, \u00e9 universal e se aplica a todos os homens e mulheres, em qualquer lugar e em qualquer tempo. As origens do Islam s\u00e3o as mesmas que as das religi\u00f5es anteriores e Mohammad foi o \u00faltimo profeta de Deus.<\/p>\n<p style=\"text-align: justify;\">Deus esclarece no Alcor\u00e3o que, ao longo de toda a hist\u00f3ria da humanidade, cada povo teve o seu mensageiro, em sua pr\u00f3pria l\u00edngua, em linguagem compat\u00edvel com a compreens\u00e3o do ser humano, anunciando a unicidade de Deus, confirmando o Dia do Ju\u00edzo Final e determinando a subordina\u00e7\u00e3o ao que foi legislado por Ele.<\/p>\n<p style=\"text-align: justify;\"><em>Prescreveu-vos a mesma religi\u00e3o que tinha institu\u00eddo para No\u00e9, a qual te revelamos, a qual recomendamos a Abra\u00e3o, a Mois\u00e9s e Jesus (dizendo-lhes): Observai a religi\u00e3o e n\u00e3o discrepeis acerca disso.<\/em>(cap. 14:5)<\/p>\n<p style=\"text-align: justify;\">A cren\u00e7a nos profetas e nos livros s\u00e3o artigos de f\u00e9 para o mu\u00e7ulmano. Depois de Mohammad n\u00e3o haver\u00e1 mais nenhum profeta e nem revela\u00e7\u00e3o alguma ser\u00e1 feita.<\/p>\n<p style=\"text-align: justify;\"><em>Hoje, aperfei\u00e7oei a religi\u00e3o para v\u00f3s; agraciei-vos generosamente e aponto o Islam por religi\u00e3o.<\/em> (Cap. 5:3)<\/p>\n<p>[\/vc_column_text][\/vc_column][vc_column][\/vc_column][\/vc_row]<\/p>\n","protected":false},"excerpt":{"rendered":"<p>[vc_row row_type=&#8221;row&#8221; use_row_as_full_screen_section=&#8221;no&#8221; type=&#8221;grid&#8221; angled_section=&#8221;no&#8221; text_align=&#8221;left&#8221; background_image_as_pattern=&#8221;without_pattern&#8221; css_animation=&#8221;&#8221;][vc_column width=&#8221;1\/2&#8243;][vc_empty_space][vc_column_text] Tudo que \u00e9 o outro, que n\u00e3o faz parte da nossa realidade mais imediata, tende a nos assustar e a ser objeto de nossa rejei\u00e7\u00e3o. Rar\u00edssimas vezes nos detemos nas quest\u00f5es que nos escapam e, por&#8230;<\/p>\n","protected":false},"author":1,"featured_media":0,"parent":0,"menu_order":0,"comment_status":"closed","ping_status":"closed","template":"full_width.php","meta":{"footnotes":""},"_links":{"self":[{"href":"https:\/\/islamparatodos.com.br\/portal\/wp-json\/wp\/v2\/pages\/861"}],"collection":[{"href":"https:\/\/islamparatodos.com.br\/portal\/wp-json\/wp\/v2\/pages"}],"about":[{"href":"https:\/\/islamparatodos.com.br\/portal\/wp-json\/wp\/v2\/types\/page"}],"author":[{"embeddable":true,"href":"https:\/\/islamparatodos.com.br\/portal\/wp-json\/wp\/v2\/users\/1"}],"replies":[{"embeddable":true,"href":"https:\/\/islamparatodos.com.br\/portal\/wp-json\/wp\/v2\/comments?post=861"}],"version-history":[{"count":6,"href":"https:\/\/islamparatodos.com.br\/portal\/wp-json\/wp\/v2\/pages\/861\/revisions"}],"predecessor-version":[{"id":1722,"href":"https:\/\/islamparatodos.com.br\/portal\/wp-json\/wp\/v2\/pages\/861\/revisions\/1722"}],"wp:attachment":[{"href":"https:\/\/islamparatodos.com.br\/portal\/wp-json\/wp\/v2\/media?parent=861"}],"curies":[{"name":"wp","href":"https:\/\/api.w.org\/{rel}","templated":true}]}}