{"id":863,"date":"2024-02-06T14:08:05","date_gmt":"2024-02-06T17:08:05","guid":{"rendered":"http:\/\/islamparatodos.com.br\/portal\/?page_id=863"},"modified":"2025-10-03T06:30:42","modified_gmt":"2025-10-03T09:30:42","slug":"sua-individualidade","status":"publish","type":"page","link":"https:\/\/islamparatodos.com.br\/portal\/sua-individualidade\/","title":{"rendered":"SUA INDIVIDUALIDADE"},"content":{"rendered":"<p>[vc_row row_type=&#8221;row&#8221; use_row_as_full_screen_section=&#8221;no&#8221; type=&#8221;full_width&#8221; angled_section=&#8221;no&#8221; text_align=&#8221;left&#8221; background_image_as_pattern=&#8221;without_pattern&#8221; css_animation=&#8221;&#8221;][vc_column width=&#8221;1\/2&#8243;][vc_column_text]<\/p>\n<h3 style=\"text-align: center;\"><strong>No Islam, a mulher n\u00e3o \u00e9 produto do diabo ou a semente do mal.<\/strong><\/h3>\n<p>&nbsp;<\/p>\n<p style=\"text-align: justify;\">No Islam, <strong>o homem n\u00e3o ocupa o lugar de senhor absoluto da mulher<\/strong>, que, sem outra alternativa, tem que se render ao seu dom\u00ednio.<\/p>\n<p>&nbsp;<\/p>\n<p style=\"text-align: justify;\">No Islam somente nos submetemos a Deus e s\u00f3 a Ele nos rendemos e prestamos contas. No Islam, ao contr\u00e1rio de outras cren\u00e7as e sistemas religiosos, <strong>a mulher tem alma e \u00e9 dotada de qualidades espirituais<\/strong>. O Islam n\u00e3o considera Eva a \u00fanica respons\u00e1vel pelo pecado original de toda a humanidade e, por consequ\u00eancia, pelo<strong> sacrif\u00edcio na cruz do filho de Deus<\/strong> para redimir a humanidade do pecado original. O Alcor\u00e3o esclarece que tanto Ad\u00e3o como Eva erraram, ambos foram tentados, ambos pecaram e ambos foram perdoados por Deus ap\u00f3s o manifesto arrependimento.<br \/>\n<strong>A mulher \u00e9 reconhecida no Islam como a parceira completa do homem e igual a ele na procria\u00e7\u00e3o da humanidade.<\/strong> Ele \u00e9 o pai e ela \u00e9 a m\u00e3e e ambos s\u00e3o essenciais para vida. O papel da mulher n\u00e3o \u00e9 menos vital do que o do homem. Nesta parceria as partes s\u00e3o iguais em cada aspecto, t\u00eam direitos e responsabilidades iguais e s\u00e3o dotadas das mesmas qualidades, seja homem ou mulher.<br \/>\n<strong>No Islam, a mulher se iguala ao homem ao ser respons\u00e1vel por seus atos<\/strong>. Ela possui uma personalidade independente, dotada de qualidades humanas e digna de aspira\u00e7\u00f5es espirituais. Sua natureza humana n\u00e3o \u00e9 nem inferior nem superior \u00e0 do homem. Homens e mulheres t\u00eam as mesmas obriga\u00e7\u00f5es e responsabilidades sociais, morais e religiosas e devem enfrentar a consequ\u00eancia de seus atos.<br \/>\n<strong><em>Aqueles que praticarem o bem, sejam homens ou mulheres, e forem fi\u00e9is, entrar\u00e3o no Para\u00edso e n\u00e3o ser\u00e3o defraudados, no m\u00ednimo que seja.<\/em> <em>(4:124)<\/em><\/strong><br \/>\n<strong>No Islam, a mulher \u00e9 independente economicamente<\/strong>, uma vez que ela pode ser propriet\u00e1ria, com direito a administrar seus bens e ningu\u00e9m, pai, marido ou irm\u00e3o, tem inger\u00eancia no trato de quest\u00f5es financeiras.<\/p>\n<p>[\/vc_column_text][vc_empty_space][\/vc_column][vc_column width=&#8221;1\/2&#8243;][vc_column_text]<img loading=\"lazy\" decoding=\"async\" class=\"wp-image-1056 aligncenter\" src=\"https:\/\/islamparatodos.com.br\/portal\/wp-content\/uploads\/2016\/08\/atleta-mu\u00e7ulmana-300x196.jpg\" alt=\"atleta-mu\u00e7ulmana\" width=\"352\" height=\"230\" \/><\/p>\n<p style=\"text-align: center;\"><em><strong>Essa \u00e9 Asmahan (Azzy) Mansour &#8211; Jogadora de Futebol e Mu\u00e7ulmana <\/strong><\/em><\/p>\n<p>&nbsp;<\/p>\n<p>&nbsp;<\/p>\n<p><img loading=\"lazy\" decoding=\"async\" class=\"wp-image-1057 aligncenter\" src=\"https:\/\/islamparatodos.com.br\/portal\/wp-content\/uploads\/2016\/08\/atletas-mu\u00e7ulmanas-300x224.jpg\" alt=\"atletas-mu\u00e7ulmanas\" width=\"353\" height=\"263\" \/><\/p>\n<p style=\"text-align: center;\"><em><strong>Mulheres mu\u00e7ulmanas nos Jogos Ol\u00edmpicos<br \/>\n<\/strong><\/em><\/p>\n<p>[\/vc_column_text][\/vc_column][\/vc_row]<\/p>\n","protected":false},"excerpt":{"rendered":"<p>[vc_row row_type=&#8221;row&#8221; use_row_as_full_screen_section=&#8221;no&#8221; type=&#8221;full_width&#8221; angled_section=&#8221;no&#8221; text_align=&#8221;left&#8221; background_image_as_pattern=&#8221;without_pattern&#8221; css_animation=&#8221;&#8221;][vc_column width=&#8221;1\/2&#8243;][vc_column_text] No Islam, a mulher n\u00e3o \u00e9 produto do diabo ou a semente do mal. &nbsp; No Islam, o homem n\u00e3o ocupa o lugar de senhor absoluto da mulher, que, sem outra alternativa, tem que se render&#8230;<\/p>\n","protected":false},"author":1,"featured_media":0,"parent":0,"menu_order":0,"comment_status":"closed","ping_status":"closed","template":"","meta":{"footnotes":""},"_links":{"self":[{"href":"https:\/\/islamparatodos.com.br\/portal\/wp-json\/wp\/v2\/pages\/863"}],"collection":[{"href":"https:\/\/islamparatodos.com.br\/portal\/wp-json\/wp\/v2\/pages"}],"about":[{"href":"https:\/\/islamparatodos.com.br\/portal\/wp-json\/wp\/v2\/types\/page"}],"author":[{"embeddable":true,"href":"https:\/\/islamparatodos.com.br\/portal\/wp-json\/wp\/v2\/users\/1"}],"replies":[{"embeddable":true,"href":"https:\/\/islamparatodos.com.br\/portal\/wp-json\/wp\/v2\/comments?post=863"}],"version-history":[{"count":1,"href":"https:\/\/islamparatodos.com.br\/portal\/wp-json\/wp\/v2\/pages\/863\/revisions"}],"predecessor-version":[{"id":1723,"href":"https:\/\/islamparatodos.com.br\/portal\/wp-json\/wp\/v2\/pages\/863\/revisions\/1723"}],"wp:attachment":[{"href":"https:\/\/islamparatodos.com.br\/portal\/wp-json\/wp\/v2\/media?parent=863"}],"curies":[{"name":"wp","href":"https:\/\/api.w.org\/{rel}","templated":true}]}}