{"id":865,"date":"2024-02-06T14:08:05","date_gmt":"2024-02-06T17:08:05","guid":{"rendered":"http:\/\/islamparatodos.com.br\/portal\/?page_id=865"},"modified":"2024-02-06T14:08:05","modified_gmt":"2024-02-06T17:08:05","slug":"sua-educacao-e-instrucao","status":"publish","type":"page","link":"https:\/\/islamparatodos.com.br\/portal\/sua-educacao-e-instrucao\/","title":{"rendered":"SUA EDUCA\u00c7\u00c3O E INSTRU\u00c7\u00c3O"},"content":{"rendered":"<p>[vc_row row_type=&#8221;row&#8221; use_row_as_full_screen_section=&#8221;no&#8221; type=&#8221;full_width&#8221; angled_section=&#8221;no&#8221; text_align=&#8221;left&#8221; background_image_as_pattern=&#8221;without_pattern&#8221; css_animation=&#8221;&#8221;][vc_column width=&#8221;1\/2&#8243;][vc_column_text]<\/p>\n<h3 style=\"text-align: center;\"><strong>Ela se iguala ao homem na busca pelo conhecimento e educa\u00e7\u00e3o.<\/strong><\/h3>\n<p>&nbsp;<\/p>\n<p style=\"text-align: justify;\">Quando o Islam conclama os mu\u00e7ulmanos para a busca do conhecimento, ele n\u00e3o faz distin\u00e7\u00e3o entre os sexos. A educa\u00e7\u00e3o n\u00e3o \u00e9 somente um direito, mas uma responsabilidade de todos os homens e mulheres. Mohammad, h\u00e1 14 s\u00e9culos atr\u00e1s, foi muito claro ao afirmar que a busca do conhecimento \u00e9 uma obriga\u00e7\u00e3o para todo o mu\u00e7ulmano, seja homem ou mulher.<\/p>\n<p>&nbsp;<\/p>\n<p style=\"text-align: justify;\"><strong>Durante muito tempo foi negado \u00e0 mulher o direito de expor suas opini\u00f5es<\/strong>. Em Cor\u00edntios I 14:34\/35, S\u00e3o Paulo diz: <strong>&#8220;Como em todas as congrega\u00e7\u00f5es de santos, as mulheres devem permanecer caladas nas igrejas. N\u00e3o \u00e9 permitido a elas falar e devem ser submissas, como a lei diz. Se elas quiserem perguntar sobre alguma coisa que perguntem a seus maridos em casa, porque \u00e9 vergonhoso para uma mulher falar nas igrejas.&#8221;<\/strong> Em Tim\u00f3teo I 2:11-14, ele escreveu: <strong>&#8220;Eu n\u00e3o permito a uma mulher ensinar ou ter autoridade sobre um homem; ela deve ser calada, porque Ad\u00e3o foi feito primeiro, e depois Eva. E Ad\u00e3o n\u00e3o foi o que perdeu, foi a mulher que perdeu e se tornou pecadora&#8221;.<\/strong><\/p>\n<p>&nbsp;<\/p>\n<p style=\"text-align: justify;\"><strong>O Islam entende que uma mulher n\u00e3o pode se instruir se n\u00e3o lhe \u00e9 permitido falar. O Islam entende que uma mulher n\u00e3o pode crescer intelectualmente se ela \u00e9 obrigada a um estado de completa submiss\u00e3o. O Islam entende que uma mulher n\u00e3o tem vida pr\u00f3pria se sua \u00fanica fonte de informa\u00e7\u00e3o \u00e9 o marido em casa.<\/strong><\/p>\n<p>[\/vc_column_text][vc_empty_space][\/vc_column][vc_column width=&#8221;1\/2&#8243;][vc_column_text]<\/p>\n<p style=\"text-align: center;\"><strong><em><img loading=\"lazy\" decoding=\"async\" class=\" wp-image-1064 aligncenter\" src=\"https:\/\/islamparatodos.com.br\/portal\/wp-content\/uploads\/2016\/08\/policia-mu\u00e7ulmana-300x214.jpg\" alt=\"policia-mu\u00e7ulmana\" width=\"384\" height=\"274\" \/><\/em><\/strong><\/p>\n<p style=\"text-align: center;\"><em><strong>Policiais Mu\u00e7ulmanas em Dubai<\/strong><\/em><\/p>\n<p>[\/vc_column_text][\/vc_column][\/vc_row]<\/p>\n","protected":false},"excerpt":{"rendered":"<p>[vc_row row_type=&#8221;row&#8221; use_row_as_full_screen_section=&#8221;no&#8221; type=&#8221;full_width&#8221; angled_section=&#8221;no&#8221; text_align=&#8221;left&#8221; background_image_as_pattern=&#8221;without_pattern&#8221; css_animation=&#8221;&#8221;][vc_column width=&#8221;1\/2&#8243;][vc_column_text] Ela se iguala ao homem na busca pelo conhecimento e educa\u00e7\u00e3o. &nbsp; Quando o Islam conclama os mu\u00e7ulmanos para a busca do conhecimento, ele n\u00e3o faz distin\u00e7\u00e3o entre os sexos. A educa\u00e7\u00e3o n\u00e3o \u00e9 somente um&#8230;<\/p>\n","protected":false},"author":1,"featured_media":0,"parent":0,"menu_order":0,"comment_status":"closed","ping_status":"closed","template":"","meta":{"footnotes":""},"_links":{"self":[{"href":"https:\/\/islamparatodos.com.br\/portal\/wp-json\/wp\/v2\/pages\/865"}],"collection":[{"href":"https:\/\/islamparatodos.com.br\/portal\/wp-json\/wp\/v2\/pages"}],"about":[{"href":"https:\/\/islamparatodos.com.br\/portal\/wp-json\/wp\/v2\/types\/page"}],"author":[{"embeddable":true,"href":"https:\/\/islamparatodos.com.br\/portal\/wp-json\/wp\/v2\/users\/1"}],"replies":[{"embeddable":true,"href":"https:\/\/islamparatodos.com.br\/portal\/wp-json\/wp\/v2\/comments?post=865"}],"version-history":[{"count":1,"href":"https:\/\/islamparatodos.com.br\/portal\/wp-json\/wp\/v2\/pages\/865\/revisions"}],"predecessor-version":[{"id":1724,"href":"https:\/\/islamparatodos.com.br\/portal\/wp-json\/wp\/v2\/pages\/865\/revisions\/1724"}],"wp:attachment":[{"href":"https:\/\/islamparatodos.com.br\/portal\/wp-json\/wp\/v2\/media?parent=865"}],"curies":[{"name":"wp","href":"https:\/\/api.w.org\/{rel}","templated":true}]}}