{"id":869,"date":"2024-02-06T14:07:52","date_gmt":"2024-02-06T17:07:52","guid":{"rendered":"http:\/\/islamparatodos.com.br\/portal\/?page_id=869"},"modified":"2024-02-06T14:07:52","modified_gmt":"2024-02-06T17:07:52","slug":"o-direito-de-contratar","status":"publish","type":"page","link":"https:\/\/islamparatodos.com.br\/portal\/o-direito-de-contratar\/","title":{"rendered":"O DIREITO DE CONTRATAR"},"content":{"rendered":"<p>[vc_row row_type=&#8221;row&#8221; use_row_as_full_screen_section=&#8221;no&#8221; type=&#8221;full_width&#8221; angled_section=&#8221;no&#8221; text_align=&#8221;left&#8221; background_image_as_pattern=&#8221;without_pattern&#8221; css_animation=&#8221;&#8221;][vc_column][vc_column_text]<\/p>\n<h3 style=\"text-align: center;\"><strong>&#8220;O Islam garante \u00e0 mulher direitos iguais para contratar, para assumir empreendimentos, para ter ganhos e posses independentemente.&#8221;<\/strong><\/h3>\n<p>&nbsp;<\/p>\n<p>&nbsp;<\/p>\n<p><strong><img loading=\"lazy\" decoding=\"async\" class=\" wp-image-1062 alignleft\" src=\"https:\/\/islamparatodos.com.br\/portal\/wp-content\/uploads\/2016\/08\/cadete-mu\u00e7ulmana-197x300.jpg\" alt=\"cadete-mu\u00e7ulmana\" width=\"207\" height=\"315\" \/><\/strong><\/p>\n<p style=\"text-align: justify;\">Somente no s\u00e9culo passado a Europa reconheceu o direito da mulher de contrair obriga\u00e7\u00f5es.<\/p>\n<p>&nbsp;<\/p>\n<p style=\"text-align: justify;\">No Islam, vida, propriedade, honra s\u00e3o t\u00e3o sagrados para ela quanto para o homem. Se ela cometer qualquer falta sua pena n\u00e3o \u00e9 maior ou menor do que para o homem, em casos semelhantes, estabelecida pela shariah isl\u00e2mica. Conta a tradi\u00e7\u00e3o que certa vez algu\u00e9m veio ter com o Profeta solicitando a sua intercess\u00e3o para a filha de uma autoridade que havia sido apanhada praticando roubo. O Profeta ent\u00e3o respondeu que ainda que fosse F\u00e1tima, sua filha muito amada, que estivesse naquela situa\u00e7\u00e3o, ele n\u00e3o poderia impedir que a lei fosse aplicada.<\/p>\n<p>&nbsp;<\/p>\n<p style=\"text-align: justify;\"><em><strong> No Islam, a lei \u00e9 igual para todos e n\u00e3o exime ningu\u00e9m em raz\u00e3o de sua posi\u00e7\u00e3o social.<\/strong><\/em><br \/>\nEstes direitos n\u00e3o est\u00e3o estabelecidos de uma forma apenas ret\u00f3rica. O Islam tomou medidas para salvaguard\u00e1-los e coloc\u00e1-los em pr\u00e1tica como artigos de f\u00e9. O Islam n\u00e3o tolera o preconceito contra a mulher ou a discrimina\u00e7\u00e3o entre os sexos.<\/p>\n<p>&nbsp;<\/p>\n<h3 style=\"text-align: center;\"><\/h3>\n<h3 style=\"text-align: center;\"><strong>O Islam reprova todo aquele que considera a mulher inferior ao homem.<\/strong><\/h3>\n<p>&nbsp;<\/p>\n<p>&nbsp;<\/p>\n<p>[\/vc_column_text][\/vc_column][\/vc_row]<\/p>\n","protected":false},"excerpt":{"rendered":"<p>[vc_row row_type=&#8221;row&#8221; use_row_as_full_screen_section=&#8221;no&#8221; type=&#8221;full_width&#8221; angled_section=&#8221;no&#8221; text_align=&#8221;left&#8221; background_image_as_pattern=&#8221;without_pattern&#8221; css_animation=&#8221;&#8221;][vc_column][vc_column_text] &#8220;O Islam garante \u00e0 mulher direitos iguais para contratar, para assumir empreendimentos, para ter ganhos e posses independentemente.&#8221; &nbsp; &nbsp; Somente no s\u00e9culo passado a Europa reconheceu o direito da mulher de contrair obriga\u00e7\u00f5es. &nbsp; No Islam,&#8230;<\/p>\n","protected":false},"author":1,"featured_media":0,"parent":0,"menu_order":0,"comment_status":"closed","ping_status":"closed","template":"","meta":{"footnotes":""},"_links":{"self":[{"href":"https:\/\/islamparatodos.com.br\/portal\/wp-json\/wp\/v2\/pages\/869"}],"collection":[{"href":"https:\/\/islamparatodos.com.br\/portal\/wp-json\/wp\/v2\/pages"}],"about":[{"href":"https:\/\/islamparatodos.com.br\/portal\/wp-json\/wp\/v2\/types\/page"}],"author":[{"embeddable":true,"href":"https:\/\/islamparatodos.com.br\/portal\/wp-json\/wp\/v2\/users\/1"}],"replies":[{"embeddable":true,"href":"https:\/\/islamparatodos.com.br\/portal\/wp-json\/wp\/v2\/comments?post=869"}],"version-history":[{"count":1,"href":"https:\/\/islamparatodos.com.br\/portal\/wp-json\/wp\/v2\/pages\/869\/revisions"}],"predecessor-version":[{"id":1726,"href":"https:\/\/islamparatodos.com.br\/portal\/wp-json\/wp\/v2\/pages\/869\/revisions\/1726"}],"wp:attachment":[{"href":"https:\/\/islamparatodos.com.br\/portal\/wp-json\/wp\/v2\/media?parent=869"}],"curies":[{"name":"wp","href":"https:\/\/api.w.org\/{rel}","templated":true}]}}