{"id":871,"date":"2024-02-06T14:07:52","date_gmt":"2024-02-06T17:07:52","guid":{"rendered":"http:\/\/islamparatodos.com.br\/portal\/?page_id=871"},"modified":"2024-02-06T14:07:52","modified_gmt":"2024-02-06T17:07:52","slug":"o-direito-a-heranca","status":"publish","type":"page","link":"https:\/\/islamparatodos.com.br\/portal\/o-direito-a-heranca\/","title":{"rendered":"O DIREITO A HERAN\u00c7A"},"content":{"rendered":"<p>[vc_row row_type=&#8221;row&#8221; use_row_as_full_screen_section=&#8221;no&#8221; type=&#8221;full_width&#8221; angled_section=&#8221;no&#8221; text_align=&#8221;left&#8221; background_image_as_pattern=&#8221;without_pattern&#8221; css_animation=&#8221;&#8221;][vc_column width=&#8221;1\/2&#8243;][vc_column_text]<\/p>\n<p style=\"text-align: justify;\">Al\u00e9m do reconhecimento da mulher como um ser independente, considerada como essencial para a sobreviv\u00eancia da humanidade, o Islam deu \u00e0 mulher o direito \u00e0 heran\u00e7a. <strong>Antes do Islam<\/strong>, ela n\u00e3o s\u00f3 era privada desta participa\u00e7\u00e3o como era considerada <strong>propriedade do homem<\/strong>.<\/p>\n<p>&nbsp;<\/p>\n<p style=\"text-align: justify;\"><strong>Seja ela esposa ou m\u00e3e, irm\u00e3 ou filha, a mulher tem participa\u00e7\u00e3o na heran\u00e7a, e esta participa\u00e7\u00e3o depende do seu grau de rela\u00e7\u00e3o com o morto e o n\u00famero de herdeiros.<\/strong> Esta quota \u00e9 dela e ningu\u00e9m tem poder para negar-lhe esta participa\u00e7\u00e3o, ainda que o morto quisesse deserd\u00e1-la. Qualquer um pode, legalmente, dispor de 1\/3 dos seus bens, n\u00e3o afetando, assim, o direito de herdeiros, sejam homens ou mulheres. Em alguns casos, o homem recebe 2 quotas na heran\u00e7a ao passo que a mulher fica com uma. Isto n\u00e3o \u00e9 sinal de prefer\u00eancia ou supremacia do homem sobre a mulher. Eis algumas raz\u00f5es que justificam a medida:<\/p>\n<p>&nbsp;<\/p>\n<p style=\"text-align: justify;\">1- <strong>No Islam o homem assume as responsabilidades financeiras da completa manuten\u00e7\u00e3o de sua esposa e fam\u00edlia<\/strong>. \u00c9 sua obriga\u00e7\u00e3o perante a lei assumir todos os encargos financeiros e manter seus dependentes adequadamente. Isto significa que ele herda mais, mas ele \u00e9 respons\u00e1vel financeiramente por outras mulheres: filhas, esposas, m\u00e3e e irm\u00e3s.<\/p>\n<p style=\"text-align: justify;\">2- <strong>A mulher no Islam est\u00e1 protegida<\/strong> e segura do ponto de vista material. Se ela \u00e9 esposa, o marido \u00e9 o provedor. Se ela \u00e9 m\u00e3e, cabe ao filho o encargo. Se ela \u00e9 filha, o pai se reponsabiliza por sua manuten\u00e7\u00e3o, se ela \u00e9 irm\u00e3, o irm\u00e3o, e assim por diante. Quando ela \u00e9 sozinha, n\u00e3o tem ningu\u00e9m, \u00e9 evidente que n\u00e3o tem heran\u00e7a a ser recebida e ela passa a ser responsabilidade da sociedade como um todo, cabendo, portanto, ao Estado, prover sua manten\u00e7a atrav\u00e9s de ajuda, arrumando trabalho para que ela ganhe seu pr\u00f3prio sustento.<\/p>\n<p>[\/vc_column_text][vc_empty_space][\/vc_column][vc_column width=&#8221;1\/2&#8243;][vc_column_text]<img loading=\"lazy\" decoding=\"async\" class=\" wp-image-1076 aligncenter\" src=\"https:\/\/islamparatodos.com.br\/portal\/wp-content\/uploads\/2016\/08\/heranca-islam-300x252.jpg\" alt=\"heranca-islam\" width=\"396\" height=\"333\" \/>[\/vc_column_text][\/vc_column][\/vc_row]<\/p>\n","protected":false},"excerpt":{"rendered":"<p>[vc_row row_type=&#8221;row&#8221; use_row_as_full_screen_section=&#8221;no&#8221; type=&#8221;full_width&#8221; angled_section=&#8221;no&#8221; text_align=&#8221;left&#8221; background_image_as_pattern=&#8221;without_pattern&#8221; css_animation=&#8221;&#8221;][vc_column width=&#8221;1\/2&#8243;][vc_column_text] Al\u00e9m do reconhecimento da mulher como um ser independente, considerada como essencial para a sobreviv\u00eancia da humanidade, o Islam deu \u00e0 mulher o direito \u00e0 heran\u00e7a. Antes do Islam, ela n\u00e3o s\u00f3 era privada desta participa\u00e7\u00e3o&#8230;<\/p>\n","protected":false},"author":1,"featured_media":0,"parent":0,"menu_order":0,"comment_status":"closed","ping_status":"closed","template":"","meta":{"footnotes":""},"_links":{"self":[{"href":"https:\/\/islamparatodos.com.br\/portal\/wp-json\/wp\/v2\/pages\/871"}],"collection":[{"href":"https:\/\/islamparatodos.com.br\/portal\/wp-json\/wp\/v2\/pages"}],"about":[{"href":"https:\/\/islamparatodos.com.br\/portal\/wp-json\/wp\/v2\/types\/page"}],"author":[{"embeddable":true,"href":"https:\/\/islamparatodos.com.br\/portal\/wp-json\/wp\/v2\/users\/1"}],"replies":[{"embeddable":true,"href":"https:\/\/islamparatodos.com.br\/portal\/wp-json\/wp\/v2\/comments?post=871"}],"version-history":[{"count":1,"href":"https:\/\/islamparatodos.com.br\/portal\/wp-json\/wp\/v2\/pages\/871\/revisions"}],"predecessor-version":[{"id":1727,"href":"https:\/\/islamparatodos.com.br\/portal\/wp-json\/wp\/v2\/pages\/871\/revisions\/1727"}],"wp:attachment":[{"href":"https:\/\/islamparatodos.com.br\/portal\/wp-json\/wp\/v2\/media?parent=871"}],"curies":[{"name":"wp","href":"https:\/\/api.w.org\/{rel}","templated":true}]}}