{"id":873,"date":"2024-02-06T14:08:05","date_gmt":"2024-02-06T17:08:05","guid":{"rendered":"http:\/\/islamparatodos.com.br\/portal\/?page_id=873"},"modified":"2024-02-06T14:08:05","modified_gmt":"2024-02-06T17:08:05","slug":"seus-privilegios","status":"publish","type":"page","link":"https:\/\/islamparatodos.com.br\/portal\/seus-privilegios\/","title":{"rendered":"SEUS PRIVIL\u00c9GIOS"},"content":{"rendered":"<p>[vc_row row_type=&#8221;row&#8221; use_row_as_full_screen_section=&#8221;no&#8221; type=&#8221;full_width&#8221; angled_section=&#8221;no&#8221; text_align=&#8221;left&#8221; background_image_as_pattern=&#8221;without_pattern&#8221; css_animation=&#8221;&#8221;][vc_column width=&#8221;1\/2&#8243;][vc_column_text]<\/p>\n<h3 style=\"text-align: center;\"><strong>A mulher no Islam usufrui de certos privil\u00e9gios.<\/strong><\/h3>\n<p>&nbsp;<\/p>\n<p style=\"text-align: justify;\">Durante o <strong>per\u00edodo menstrual ela est\u00e1 isenta das preces e do jejum<\/strong>. Ela est\u00e1 isenta, tamb\u00e9m, de todas as responsabilidades financeiras. Ela n\u00e3o precisa trabalhar ou dividir com o marido as despesas dom\u00e9sticas. Todos os bens de fam\u00edlia que ela leva para o casamento s\u00e3o seus e o marido n\u00e3o tem qualquer direito sobre aqueles pertences. Cabe notar que somente no s\u00e9culo passado a Europa reconheceu o direito de propriedade \u00e0 mulher casada, em igualdades de condi\u00e7\u00f5es com as solteiras, vi\u00favas e divorciadas, com a Lei da Propriedade da Mulher Casada, de 1879.<\/p>\n<p>&nbsp;<\/p>\n<p style=\"text-align: justify;\"><strong>Nenhuma mulher casada \u00e9 obrigada a gastar um tost\u00e3o de seus bens para manter a casa.<\/strong> Em geral, <strong>a mu\u00e7ulmana <\/strong>tem garantido o sustento em todas as fases de sua vida, seja como filha, esposa, m\u00e3e ou irm\u00e3.<\/p>\n<p>&nbsp;<\/p>\n<p style=\"text-align: justify;\">Como filha e irm\u00e3 ela tem garantido o sustento pelo pai ou irm\u00e3o respectivamente. Ela tamb\u00e9m \u00e9 livre para trabalhar, se assim o quiser, e participar com o seu trabalho das responsabilidades familiares.<\/p>\n<p>&nbsp;<\/p>\n<p style=\"text-align: justify;\"><strong>N\u00e3o h\u00e1 no Alcor\u00e3o<\/strong> ou na Suna qualquer texto expl\u00edcito que categoricamente pro\u00edba a <strong>mu\u00e7ulmana de procurar um emprego l\u00edcito<\/strong>. Inclusive, algumas podem ser for\u00e7adas a buscar emprego a fim de sobreviverem, principalmente em pa\u00edses onde inexistam medidas que assegurem a estabilidade financeira das vi\u00favas ou divorciadas.<\/p>\n<p>[\/vc_column_text][vc_empty_space][\/vc_column][vc_column width=&#8221;1\/2&#8243;][vc_column_text]<img loading=\"lazy\" decoding=\"async\" class=\"wp-image-1079 aligncenter\" src=\"https:\/\/islamparatodos.com.br\/portal\/wp-content\/uploads\/2016\/08\/mu\u00e7ulmana-m\u00e3e-300x200.jpg\" alt=\"mu\u00e7ulmana-m\u00e3e\" width=\"424\" height=\"282\" \/>[\/vc_column_text][\/vc_column][vc_column][\/vc_column][vc_column][\/vc_column][\/vc_row]<\/p>\n","protected":false},"excerpt":{"rendered":"<p>[vc_row row_type=&#8221;row&#8221; use_row_as_full_screen_section=&#8221;no&#8221; type=&#8221;full_width&#8221; angled_section=&#8221;no&#8221; text_align=&#8221;left&#8221; background_image_as_pattern=&#8221;without_pattern&#8221; css_animation=&#8221;&#8221;][vc_column width=&#8221;1\/2&#8243;][vc_column_text] A mulher no Islam usufrui de certos privil\u00e9gios. &nbsp; Durante o per\u00edodo menstrual ela est\u00e1 isenta das preces e do jejum. Ela est\u00e1 isenta, tamb\u00e9m, de todas as responsabilidades financeiras. Ela n\u00e3o precisa trabalhar ou dividir&#8230;<\/p>\n","protected":false},"author":1,"featured_media":0,"parent":0,"menu_order":0,"comment_status":"closed","ping_status":"closed","template":"","meta":{"footnotes":""},"_links":{"self":[{"href":"https:\/\/islamparatodos.com.br\/portal\/wp-json\/wp\/v2\/pages\/873"}],"collection":[{"href":"https:\/\/islamparatodos.com.br\/portal\/wp-json\/wp\/v2\/pages"}],"about":[{"href":"https:\/\/islamparatodos.com.br\/portal\/wp-json\/wp\/v2\/types\/page"}],"author":[{"embeddable":true,"href":"https:\/\/islamparatodos.com.br\/portal\/wp-json\/wp\/v2\/users\/1"}],"replies":[{"embeddable":true,"href":"https:\/\/islamparatodos.com.br\/portal\/wp-json\/wp\/v2\/comments?post=873"}],"version-history":[{"count":1,"href":"https:\/\/islamparatodos.com.br\/portal\/wp-json\/wp\/v2\/pages\/873\/revisions"}],"predecessor-version":[{"id":1728,"href":"https:\/\/islamparatodos.com.br\/portal\/wp-json\/wp\/v2\/pages\/873\/revisions\/1728"}],"wp:attachment":[{"href":"https:\/\/islamparatodos.com.br\/portal\/wp-json\/wp\/v2\/media?parent=873"}],"curies":[{"name":"wp","href":"https:\/\/api.w.org\/{rel}","templated":true}]}}