{"id":875,"date":"2024-02-06T14:07:51","date_gmt":"2024-02-06T17:07:51","guid":{"rendered":"http:\/\/islamparatodos.com.br\/portal\/?page_id=875"},"modified":"2024-02-06T14:07:51","modified_gmt":"2024-02-06T17:07:51","slug":"direito-ao-divorcio","status":"publish","type":"page","link":"https:\/\/islamparatodos.com.br\/portal\/direito-ao-divorcio\/","title":{"rendered":"DIREITO AO DIV\u00d3RCIO"},"content":{"rendered":"<p>[vc_row row_type=&#8221;row&#8221; use_row_as_full_screen_section=&#8221;no&#8221; type=&#8221;full_width&#8221; angled_section=&#8221;no&#8221; text_align=&#8221;left&#8221; background_image_as_pattern=&#8221;without_pattern&#8221; css_animation=&#8221;&#8221;][vc_column width=&#8221;1\/2&#8243;][vc_column_text]<\/p>\n<h3 style=\"text-align: center;\"><span style=\"color: #361a1a;\"><strong>O Islam garantiu aos casais o direito ao div\u00f3rcio.<\/strong><\/span><\/h3>\n<p>&nbsp;<\/p>\n<p style=\"text-align: justify;\">Aqui cabem algumas explica\u00e7\u00f5es a respeito do assunto, uma vez que tamb\u00e9m o div\u00f3rcio \u00e9 objeto de falsas interpreta\u00e7\u00f5es. N\u00e3o \u00e9 verdade que a qualquer tempo basta um marido dizer \u00e0 sua esposa<strong> &#8220;Eu quero o div\u00f3rcio&#8221;<\/strong> e pronto, ele est\u00e1 divorciado, largando a mulher (e provavelmente os filhos) \u00e0 pr\u00f3pria sorte, em menos de um minuto.<\/p>\n<p>&nbsp;<\/p>\n<p style=\"text-align: justify;\">O <strong>sistema de div\u00f3rcio no Islam \u00e9 o mais justo que existe.<\/strong> Se o casal decide se separar, o marido pede o div\u00f3rcio dizendo &#8220;Eu quero o div\u00f3rcio&#8221;. A partir de ent\u00e3o, come\u00e7a um tempo de espera que dura tr\u00eas per\u00edodos menstruais para que seja certificado que a mulher n\u00e3o est\u00e1 gr\u00e1vida. Este per\u00edodoo permite ao casal ter um tempo para pensar sobre o que est\u00e3o fazendo e se \u00e9 isso mesmo que eles querem. Durante este per\u00edodo, o marido \u00e9 obrigado a alimentar, vestir e abrigar a esposa. N\u00e3o h\u00e1 ningu\u00e9m, nem mesmo advogado, envolvido nesta quest\u00e3o. Findo os tr\u00eas meses, e comprovado que a mulher n\u00e3o est\u00e1 gr\u00e1vida, o div\u00f3rcio se consuma. Se, por um acaso, a mulher estiver gr\u00e1vida, o marido \u00e9 obrigado a prover a ex-esposa do necess\u00e1rio at\u00e9 o per\u00edodo do desmame, normalmente dois anos.<br \/>\nComo podemos observar, n\u00e3o h\u00e1 como comparar as diferentes abordagens, uma vez que o comum no ocidente, pelo menos no Brasil, \u00e9 a mulher sair sempre <strong>lesada de uma separa\u00e7\u00e3o<\/strong>, sem garantia de direitos m\u00ednimos para a sua sobreviv\u00eancia. Pior, at\u00e9 bem pouco tempo atr\u00e1s, ela entrava nessa sociedade conjugal com seus pr\u00f3prios bens, que acabava perdendo pelo instituito da comunh\u00e3o universal de bens, no caso de separa\u00e7\u00e3o. Somente em 1977, com a lei do div\u00f3rcio \u00e9 que a dissolu\u00e7\u00e3o do casamento favoreceu um pouco mais a mulher, com a introdu\u00e7\u00e3o do regime da comunh\u00e3o parcial de bens. Mas, ainda assim, prevalece o conceito de que a obriga\u00e7\u00e3o alimentar devida pelo ex-marido fica diretamente relacionada \u00e0 &#8220;conduta moral&#8221; da esposa, o que no Brasil, como bem sabemos, quer dizer, essa mulher n\u00e3o pode se casar de novo.<\/p>\n<p>\u00a0[\/vc_column_text][\/vc_column][vc_column width=&#8221;1\/2&#8243;][vc_column_text]<\/p>\n<p style=\"text-align: justify;\"><strong>O Islam d\u00e1 \u00e0 mulher mu\u00e7ulmana o direito de pedir o div\u00f3rci<\/strong>o pois reconhece que ela n\u00e3o pode ser ref\u00e9m de um mau marido. Finalmente, \u00e9 bom lembrar que o div\u00f3rcio s\u00f3 muito mais tarde foi introduzido na Europa e, no Brasil, h\u00e1 apenas muito pouco tempo, atrav\u00e9s da Lei n\u00ba 65l5, de 26.12.77, do Sen. Nelson Carneiro.<\/p>\n<p>&nbsp;<\/p>\n<p style=\"text-align: justify;\">Por outro lado, s\u00f3 a partir de 1962, com a Lei 4.121, conhecida como o<strong> Estatuto da Mulher Casada<\/strong>, \u00e9 que a mulher brasileira alcan\u00e7ou sua capacidade jur\u00eddica plena. At\u00e9 ent\u00e3o, ela era considerada relativamente incapaz, do ponto de vista jur\u00eddico.<\/p>\n<p>&nbsp;<\/p>\n<p style=\"text-align: justify;\"><strong>O casamento no Islam \u00e9 uma b\u00ean\u00e7\u00e3o santificada, que n\u00e3o deve ser quebrado, exceto por raz\u00f5es relevantes.<\/strong> Os casais s\u00e3o instru\u00eddos a procurar salvar a institui\u00e7\u00e3o do casamento, por todos os meios poss\u00edveis. O div\u00f3rcio n\u00e3o \u00e9 comum, a n\u00e3o ser que n\u00e3o haja outra solu\u00e7\u00e3o. Em outras palavras, o<strong> Islam reconhece o div\u00f3rcio mas n\u00e3o o encoraja<\/strong>.<\/p>\n<p>[\/vc_column_text][vc_column_text]<\/p>\n<p>&nbsp;<\/p>\n<p><img loading=\"lazy\" decoding=\"async\" class=\"wp-image-1085 aligncenter\" src=\"https:\/\/islamparatodos.com.br\/portal\/wp-content\/uploads\/2016\/08\/casamento-islamico-1-300x239.jpg\" alt=\"casamento-islamico\" width=\"308\" height=\"245\" \/>[\/vc_column_text][\/vc_column][\/vc_row]<\/p>\n","protected":false},"excerpt":{"rendered":"<p>[vc_row row_type=&#8221;row&#8221; use_row_as_full_screen_section=&#8221;no&#8221; type=&#8221;full_width&#8221; angled_section=&#8221;no&#8221; text_align=&#8221;left&#8221; background_image_as_pattern=&#8221;without_pattern&#8221; css_animation=&#8221;&#8221;][vc_column width=&#8221;1\/2&#8243;][vc_column_text] O Islam garantiu aos casais o direito ao div\u00f3rcio. &nbsp; Aqui cabem algumas explica\u00e7\u00f5es a respeito do assunto, uma vez que tamb\u00e9m o div\u00f3rcio \u00e9 objeto de falsas interpreta\u00e7\u00f5es. N\u00e3o \u00e9 verdade que a qualquer tempo&#8230;<\/p>\n","protected":false},"author":1,"featured_media":0,"parent":0,"menu_order":0,"comment_status":"closed","ping_status":"closed","template":"","meta":{"footnotes":""},"_links":{"self":[{"href":"https:\/\/islamparatodos.com.br\/portal\/wp-json\/wp\/v2\/pages\/875"}],"collection":[{"href":"https:\/\/islamparatodos.com.br\/portal\/wp-json\/wp\/v2\/pages"}],"about":[{"href":"https:\/\/islamparatodos.com.br\/portal\/wp-json\/wp\/v2\/types\/page"}],"author":[{"embeddable":true,"href":"https:\/\/islamparatodos.com.br\/portal\/wp-json\/wp\/v2\/users\/1"}],"replies":[{"embeddable":true,"href":"https:\/\/islamparatodos.com.br\/portal\/wp-json\/wp\/v2\/comments?post=875"}],"version-history":[{"count":1,"href":"https:\/\/islamparatodos.com.br\/portal\/wp-json\/wp\/v2\/pages\/875\/revisions"}],"predecessor-version":[{"id":1729,"href":"https:\/\/islamparatodos.com.br\/portal\/wp-json\/wp\/v2\/pages\/875\/revisions\/1729"}],"wp:attachment":[{"href":"https:\/\/islamparatodos.com.br\/portal\/wp-json\/wp\/v2\/media?parent=875"}],"curies":[{"name":"wp","href":"https:\/\/api.w.org\/{rel}","templated":true}]}}