{"id":877,"date":"2024-02-06T14:08:05","date_gmt":"2024-02-06T17:08:05","guid":{"rendered":"http:\/\/islamparatodos.com.br\/portal\/?page_id=877"},"modified":"2024-02-06T14:08:05","modified_gmt":"2024-02-06T17:08:05","slug":"o-sexo","status":"publish","type":"page","link":"https:\/\/islamparatodos.com.br\/portal\/o-sexo\/","title":{"rendered":"O SEXO"},"content":{"rendered":"<p>[vc_row row_type=&#8221;row&#8221; use_row_as_full_screen_section=&#8221;no&#8221; type=&#8221;full_width&#8221; angled_section=&#8221;no&#8221; text_align=&#8221;left&#8221; background_image_as_pattern=&#8221;without_pattern&#8221; css_animation=&#8221;&#8221;][vc_column width=&#8221;1\/2&#8243;][vc_column_text]<\/p>\n<p style=\"text-align: justify;\">Outra quest\u00e3o pol\u00eamica com rela\u00e7\u00e3o ao<strong> Islam<\/strong> \u00e9 a que se refere ao <strong>sexo<\/strong>. O Islam n\u00e3o nega, em hip\u00f3tese alguma, a sexualidade do ser humano, antes pelo contr\u00e1rio.<\/p>\n<p>&nbsp;<\/p>\n<p style=\"text-align: justify;\">O Islam n\u00e3o advoga a supress\u00e3o do anseio sexual atrav\u00e9s do celibato ou do monasticismo. O homem \u00e9 dotado por seu Criador de impulsos que o impelem \u00e0s v\u00e1rias atividades que garantem a sua sobreviv\u00eancia. <strong>O principal objetivo do sexo \u00e9 a pr\u00f3pria esp\u00e9cie.<\/strong> O Islam reconhece que o ser humano \u00e9 tomado por emo\u00e7\u00f5es inexplic\u00e1veis que o atraem irresistivelmente para o sexo oposto e, por isso mesmo, normatiza as rela\u00e7\u00f5es entre homens e mulheres.<\/p>\n<p>&nbsp;<\/p>\n<p style=\"text-align: justify;\"><strong>O Islam reconhece a import\u00e2ncia do instinto sexual, mas s\u00f3 admite a sua realiza\u00e7\u00e3o atrav\u00e9s do casamento l\u00edcito, proibindo rigorosamente o sexo fora do casamento e tudo aquilo que possa conduzir \u00e0 sua pr\u00e1tica de modo il\u00edcito.<\/strong><br \/>\nH\u00e1 uma tradi\u00e7\u00e3o do Profeta onde ele menciona que a rela\u00e7\u00e3o sexual entre um casal \u00e9 recompensada por Deus. Os companheiros ficaram espantados: como era poss\u00edvel ter os desejos e prazeres completamente satisfeitos e, ainda assim, obter recompensa divina? O Profeta, ent\u00e3o, respondeu que da mesma forma que uma rela\u00e7\u00e3o extraconjugal era punida.<\/p>\n<p>&nbsp;<\/p>\n<p style=\"text-align: justify;\">O Islam se baseia na cren\u00e7a na revela\u00e7\u00e3o divina. A sua lei e a sua moral est\u00e3o baseadas nos mandamentos divinos. Dentro desse contexto, homens e mulheres devem obedecer a certas regras de comportamento e disciplina, a fim de evitar que o il\u00edcito seja praticado. O Islam tem imposto, recomendado e encorajado certos h\u00e1bitos com o fim de reduzir as oportunidades para a pr\u00e1tica do il\u00edcito. Al\u00e9m disso, toma as precau\u00e7\u00f5es necess\u00e1rias e poss\u00edveis, no tocante a san\u00e7\u00f5es materiais, tais como, proibi\u00e7\u00e3o da promiscuidade, dos encontros reservados entre pessoas do sexo oposto sem a presen\u00e7a de terceiros, etc.<\/p>\n<p>[\/vc_column_text][vc_empty_space][\/vc_column][vc_column width=&#8221;1\/2&#8243;][vc_column_text]<\/p>\n<p style=\"text-align: justify;\"><strong>O fato de a mulher ficar atr\u00e1s do homem durante as ora\u00e7\u00f5es n\u00e3o indica que ela seja inferior ao homem<\/strong>. Faz parte da disciplina da ora\u00e7\u00e3o o mu\u00e7ulmano se colocar em fila, ombro a ombro com o seu irm\u00e3o. As preces isl\u00e2micas envolvem atos, movimentos, posturas de prostra\u00e7\u00e3o, genuflex\u00f5es que ocasionam contatos corporais e toque involunt\u00e1rio na pessoa que est\u00e1 ao lado, diminuindo a concentra\u00e7\u00e3o daquele que est\u00e1 em prece. Al\u00e9m do mais, seria inapropriado e desconfort\u00e1vel para uma mulher ficar em tal posi\u00e7\u00e3o, prostra-se, inclinar-se e colocar a testa no ch\u00e3o, tendo atr\u00e1s de si uma fileira de homens. Assim, para evitar qualquer embara\u00e7o de ambas as partes, o Islam ordenou a organiza\u00e7\u00e3o de filas, homens na frente, e mulheres atr\u00e1s.<\/p>\n<p>&nbsp;<\/p>\n<p style=\"text-align: justify;\"><strong>O que deve ser ressaltado \u00e9 que as proibi\u00e7\u00f5es s\u00e3o dirigidas a ambos os sexos.<\/strong> <strong>O que o Islam pro\u00edbe para a mulher, tamb\u00e9m o faz para o homem.<\/strong><\/p>\n<p>&nbsp;<\/p>\n<p style=\"text-align: justify;\">A mod\u00e9stia \u00e9 recomendada tanto para homens como para mulheres. A castidade at\u00e9 a realiza\u00e7\u00e3o do casamento \u00e9 imperativo para homens e mulheres, igualmente. O adult\u00e9rio \u00e9 proibido tanto para homens como para as mulheres.<\/p>\n<p>&nbsp;<\/p>\n<p style=\"text-align: justify;\">Em suma, a forma como Islam encara o sexo \u00e9 uma linha muito estreita entre dois extremos. O primeiro \u00e9 desqualific\u00e1-lo ao ponto de sua total absten\u00e7\u00e3o, atrav\u00e9s do celibato ou monasticismo, negando a pr\u00f3pria natureza humana, e o segundo \u00e9 achar que \u00e9 muito natural fazer sexo com quem quer que seja, em qualquer lugar, sempre que se quiser. Enquanto no ocidente a sensualidade, o amor entre um homem e uma mulher, atributos humanos concedidos por Deus, s\u00e3o reduzidos \u00e0 sua condi\u00e7\u00e3o mais baixa e se transformam em libertinagem, pornografia, o Islam n\u00e3o aceita, em hip\u00f3tese nenhuma, a superexposi\u00e7\u00e3o do sexo, o sexo pelo sexo, com qualquer um, em qualquer lugar.<\/p>\n<p>[\/vc_column_text][\/vc_column][\/vc_row]<\/p>\n","protected":false},"excerpt":{"rendered":"<p>[vc_row row_type=&#8221;row&#8221; use_row_as_full_screen_section=&#8221;no&#8221; type=&#8221;full_width&#8221; angled_section=&#8221;no&#8221; text_align=&#8221;left&#8221; background_image_as_pattern=&#8221;without_pattern&#8221; css_animation=&#8221;&#8221;][vc_column width=&#8221;1\/2&#8243;][vc_column_text] Outra quest\u00e3o pol\u00eamica com rela\u00e7\u00e3o ao Islam \u00e9 a que se refere ao sexo. O Islam n\u00e3o nega, em hip\u00f3tese alguma, a sexualidade do ser humano, antes pelo contr\u00e1rio. &nbsp; O Islam n\u00e3o advoga a supress\u00e3o&#8230;<\/p>\n","protected":false},"author":1,"featured_media":0,"parent":0,"menu_order":0,"comment_status":"closed","ping_status":"closed","template":"","meta":{"footnotes":""},"_links":{"self":[{"href":"https:\/\/islamparatodos.com.br\/portal\/wp-json\/wp\/v2\/pages\/877"}],"collection":[{"href":"https:\/\/islamparatodos.com.br\/portal\/wp-json\/wp\/v2\/pages"}],"about":[{"href":"https:\/\/islamparatodos.com.br\/portal\/wp-json\/wp\/v2\/types\/page"}],"author":[{"embeddable":true,"href":"https:\/\/islamparatodos.com.br\/portal\/wp-json\/wp\/v2\/users\/1"}],"replies":[{"embeddable":true,"href":"https:\/\/islamparatodos.com.br\/portal\/wp-json\/wp\/v2\/comments?post=877"}],"version-history":[{"count":1,"href":"https:\/\/islamparatodos.com.br\/portal\/wp-json\/wp\/v2\/pages\/877\/revisions"}],"predecessor-version":[{"id":1730,"href":"https:\/\/islamparatodos.com.br\/portal\/wp-json\/wp\/v2\/pages\/877\/revisions\/1730"}],"wp:attachment":[{"href":"https:\/\/islamparatodos.com.br\/portal\/wp-json\/wp\/v2\/media?parent=877"}],"curies":[{"name":"wp","href":"https:\/\/api.w.org\/{rel}","templated":true}]}}