{"id":881,"date":"2024-02-06T14:07:51","date_gmt":"2024-02-06T17:07:51","guid":{"rendered":"http:\/\/islamparatodos.com.br\/portal\/?page_id=881"},"modified":"2024-02-06T14:07:51","modified_gmt":"2024-02-06T17:07:51","slug":"a-mulher-e-sua-condicao-no-islam","status":"publish","type":"page","link":"https:\/\/islamparatodos.com.br\/portal\/a-mulher-e-sua-condicao-no-islam\/","title":{"rendered":"A MULHER E SUA CONDI\u00c7AO NO ISLAM"},"content":{"rendered":"<p>[vc_row row_type=&#8221;row&#8221; use_row_as_full_screen_section=&#8221;no&#8221; type=&#8221;full_width&#8221; angled_section=&#8221;no&#8221; text_align=&#8221;left&#8221; background_image_as_pattern=&#8221;without_pattern&#8221; css_animation=&#8221;&#8221;][vc_column width=&#8221;1\/2&#8243;][vc_column_text]<\/p>\n<p style=\"text-align: justify;\"><em><strong>A condi\u00e7\u00e3o da mulher no Islam \u00e9 algo \u00edmpar, novo, sem qualquer semelhan\u00e7a com qualquer outro sistema.<\/strong><\/em><\/p>\n<p>&nbsp;<\/p>\n<p style=\"text-align: justify;\">Se olharmos para as na\u00e7\u00f5es democr\u00e1ticas do ocidente, vamos perceber que a mulher n\u00e3o desfruta dessa posi\u00e7\u00e3o. Ela \u00e9 mais subjugada a padr\u00f5es e regras de comportamento do que se sup\u00f5e que a mulher mu\u00e7ulmana o seja. Ela \u00e9 o reflexo do poder masculino, onipresente na sociedade ocidental crist\u00e3, que tem por objetivo delimitar o papel das mulheres, normatizar seus corpos e almas, esvazi\u00e1-las de qualquer saber ou poder amea\u00e7ador.<\/p>\n<p>&nbsp;<\/p>\n<p style=\"text-align: justify;\"><strong> A m\u00eddia exerce hoje o monop\u00f3lio, antes exercido pela Igreja, na constru\u00e7\u00e3o (desconstru\u00e7\u00e3o) dessa mulher, impondo valores, regulamentando o cotidiano das pessoas, determinando o uso do corpo de uma perspectiva escatol\u00f3gica. No ocidente, a mulher \u00e9 compelida a perseguir no\u00e7\u00f5es abstratas de beleza , e, muitas das vezes, n\u00e3o percebe que est\u00e1 sendo manipulada pelas companhias de cosm\u00e9ticos, ind\u00fastrias de roupas e rem\u00e9dios. \u00c9 um produto t\u00e3o descart\u00e1vel quanto qualquer mercadoria de supermercado. O r\u00f3tulo (a apar\u00eancia) da mulher ocidental tem que obedecer a regras impostas de cima e ingenuamente ela sup\u00f5e que \u00e9 livre para escolher a sua roupa, o seu sapato, a cor do seu cabelo.<\/strong><\/p>\n<p>&nbsp;<\/p>\n<p style=\"text-align: justify;\">A<strong> mulher ocidental<\/strong>, desde crian\u00e7a, \u00e9 ensinada que o seu valor \u00e9 proporcional \u00e0 sua beleza, aos seus atrativos. S\u00f3 consegue um lugar ao sol aquela que se veste assim, que fala assado, que vai ao lugar tal. No Brasil, por exemplo, s\u00f3 consegue emprego quem tem &#8220;boa apar\u00eancia&#8221;. A mulher, desde cedo \u00e9 empurrada para um mercado de trabalho selvagem, deslealmente competitivo, tendo de se submeter a toda sorte de humilha\u00e7\u00f5es para conseguir o seu sustento.<\/p>\n<p style=\"text-align: justify;\"><strong>Foi atrav\u00e9s de muita luta que a mulher ocidental alcan\u00e7ou esse esbo\u00e7o de liberdade<\/strong>. Foram s\u00e9culos de uma \u00e1rdua luta para a mulher conquistar o direito de aprender, de trabalhar, de ganhar o seu pr\u00f3prio sustento, de ter a sua pr\u00f3pria identidade, de ter personalidade e capacidade jur\u00eddica. Esta mulher pagou um alto pre\u00e7o para provar sua condi\u00e7\u00e3o de ser humano, provido de alma.<\/p>\n<p>&nbsp;<\/p>\n<p style=\"text-align: justify;\"><strong>A posi\u00e7\u00e3o que a mulher ocidental de nossos dias desfruta foi conquistada pela for\u00e7a e n\u00e3o por um processo de m\u00fatuo entendimento.<\/strong> Ela abriu o seu caminho \u00e0 for\u00e7a, a custa de muitos sacrif\u00edcios, abrindo m\u00e3o de sonhos e ideais. Muitas vezes as circunst\u00e2ncias a empurraram para um campo de batalha at\u00e9 ent\u00e3o desconhecido. E apesar disso tudo, de toda essa guerra, de t\u00e3o pesados sacrif\u00edcios e lutas dolorosas, ela ainda n\u00e3o conquistou o que o Islam estabeleceu para a mulher mu\u00e7ulmana por decreto divino.<br \/>\n<em><strong>De tudo o que foi dito, podemos inferir que a condi\u00e7\u00e3o das mulheres nas sociedades isl\u00e2micas atuais \u00e9 a ideal? \u00c9 compat\u00edvel com o que estabelece o Islam?<\/strong> <\/em><\/p>\n<p>&nbsp;<\/p>\n<p style=\"text-align: justify;\">N\u00e3o, \u00e9 claro que n\u00e3o. Mas, rotular a condi\u00e7\u00e3o da mulher no mundo mu\u00e7ulmano de hoje como &#8220;isl\u00e2mica&#8221; est\u00e1 t\u00e3o longe da verdade quanto imaginar que a condi\u00e7\u00e3o da mulher ocidental \u00e9 de total liberdade para usufruir direitos.<\/p>\n<p>[\/vc_column_text][vc_empty_space][\/vc_column][vc_column width=&#8221;1\/2&#8243;][vc_column_text]<\/p>\n<p style=\"text-align: justify;\">Sabemos que em muitas partes do mundo mu\u00e7ulmano ainda proliferam as condi\u00e7\u00f5es opressivas e injustas. Os erros de alguns mu\u00e7ulmanos na condu\u00e7\u00e3o dos destinos de suas respectivas sociedades apenas provam que o ser humano tem suas limita\u00e7\u00f5es. \u00c9 absurdo tomar como regra geral isl\u00e2mica o que n\u00e3o passa de interpreta\u00e7\u00f5es pessoais, contaminadas por todo um contexto s\u00f3cio-cultural.<\/p>\n<p>&nbsp;<\/p>\n<p style=\"text-align: justify;\"><strong>Os mu\u00e7ulmanos n\u00e3o podem ser julgados com base nas a\u00e7\u00f5es de uns poucos e nem esses poucos s\u00e3o amostras significativas do verdadeiro significado do Islam.<\/strong><br \/>\nO que precisa ficar claro \u00e9 que n\u00e3o \u00e9 o Alcor\u00e3o que necessita ser reexaminado, ou a Suna, e sim a pr\u00e1tica humana, que muitas vezes reflete aspectos culturais t\u00e3o enraizados que distorcem o que foi decretado por Deus. \u00c9 preciso confrontar o passado e rejeitar pr\u00e1ticas e costumes que se contraponham aos preceitos do Islam. Assim, por exemplo, a condi\u00e7\u00e3o da mulher no Afganist\u00e3o, que est\u00e1 condenada a ficar reclusa dentro de casa, n\u00e3o reflete os ensinamentos do Alcor\u00e3o nem t\u00e3o pouco o exemplo de milhares de mu\u00e7ulmanas, que atrav\u00e9s da Hist\u00f3ria, tiveram participa\u00e7\u00e3o efetiva em suas respectivas comunidades.<\/p>\n<p>&nbsp;<\/p>\n<p style=\"text-align: justify;\">A mulher na Ar\u00e1bia Saudita est\u00e1 proibida de dirigir? Sim, est\u00e1, mas esta \u00e9 uma lei saudita, humana, que n\u00e3o vigora no Ir\u00e3, por exemplo.<br \/>\nO que devemos compreender \u00e9 que existe uma imensa diferen\u00e7a entre a cren\u00e7a propriamente dita, conforme revelada no Alcor\u00e3o, e a pr\u00e1tica de algumas sociedades supostamente isl\u00e2micas. Tais pr\u00e1ticas atendem muito mais a aspectos culturais espec\u00edficos, a interesses particulares, e n\u00e3o representam necessariamente o Islam e nem podem servir de base para se denegrir o <strong>verdadeiro sentido do Islam<\/strong>.<\/p>\n<p>&nbsp;<\/p>\n<p><img loading=\"lazy\" decoding=\"async\" class=\"size-medium wp-image-1102 alignright\" src=\"https:\/\/islamparatodos.com.br\/portal\/wp-content\/uploads\/2016\/08\/mu\u00e7ulmana-islam-205x300.jpg\" alt=\"Palestinian students leave the Bashir al-Rayes school in Gaza City August 24, 2009. On top of their long weariness with rations and bare shelves, the Palestinians of Gaza face new pressure to conform with religious dress codes, and a sense of irritation with the enclave's Hamas leaders is growing. Picture taken August 24, 2009. REUTERS\/Mohammed Salem (GAZA POLITICS RELIGION EDUCATION BUSINESS)\" width=\"205\" height=\"300\" \/><\/p>\n<p style=\"text-align: justify;\"><em><strong>O Islam ainda tem muito a oferecer \u00e0 mulher de hoje, em termos de respeito, dignidade, reconhecimento. Basta que ela tenha consci\u00eancia disso e lute para implantar os ensinamentos isl\u00e2micos. Para isso, ela tem todos os os instrumentos \u00e0 sua disposi\u00e7\u00e3o.<\/strong><\/em><\/p>\n<p>[\/vc_column_text][\/vc_column][\/vc_row]<\/p>\n","protected":false},"excerpt":{"rendered":"<p>[vc_row row_type=&#8221;row&#8221; use_row_as_full_screen_section=&#8221;no&#8221; type=&#8221;full_width&#8221; angled_section=&#8221;no&#8221; text_align=&#8221;left&#8221; background_image_as_pattern=&#8221;without_pattern&#8221; css_animation=&#8221;&#8221;][vc_column width=&#8221;1\/2&#8243;][vc_column_text] A condi\u00e7\u00e3o da mulher no Islam \u00e9 algo \u00edmpar, novo, sem qualquer semelhan\u00e7a com qualquer outro sistema. &nbsp; Se olharmos para as na\u00e7\u00f5es democr\u00e1ticas do ocidente, vamos perceber que a mulher n\u00e3o desfruta dessa posi\u00e7\u00e3o. Ela&#8230;<\/p>\n","protected":false},"author":1,"featured_media":0,"parent":0,"menu_order":0,"comment_status":"closed","ping_status":"closed","template":"","meta":{"footnotes":""},"_links":{"self":[{"href":"https:\/\/islamparatodos.com.br\/portal\/wp-json\/wp\/v2\/pages\/881"}],"collection":[{"href":"https:\/\/islamparatodos.com.br\/portal\/wp-json\/wp\/v2\/pages"}],"about":[{"href":"https:\/\/islamparatodos.com.br\/portal\/wp-json\/wp\/v2\/types\/page"}],"author":[{"embeddable":true,"href":"https:\/\/islamparatodos.com.br\/portal\/wp-json\/wp\/v2\/users\/1"}],"replies":[{"embeddable":true,"href":"https:\/\/islamparatodos.com.br\/portal\/wp-json\/wp\/v2\/comments?post=881"}],"version-history":[{"count":1,"href":"https:\/\/islamparatodos.com.br\/portal\/wp-json\/wp\/v2\/pages\/881\/revisions"}],"predecessor-version":[{"id":1732,"href":"https:\/\/islamparatodos.com.br\/portal\/wp-json\/wp\/v2\/pages\/881\/revisions\/1732"}],"wp:attachment":[{"href":"https:\/\/islamparatodos.com.br\/portal\/wp-json\/wp\/v2\/media?parent=881"}],"curies":[{"name":"wp","href":"https:\/\/api.w.org\/{rel}","templated":true}]}}